{"id":1438,"date":"2024-10-11T19:54:42","date_gmt":"2024-10-11T19:54:42","guid":{"rendered":"https:\/\/beautifulflowers.com.co\/?page_id=1438"},"modified":"2024-10-11T19:57:14","modified_gmt":"2024-10-11T19:57:14","slug":"floristeria-en-villavicencio","status":"publish","type":"page","link":"https:\/\/beautifulflowers.com.co\/index.php\/floristeria-en-villavicencio\/","title":{"rendered":"Nosotros"},"content":{"rendered":"\n<div class=\"wp-block-stackable-columns alignfull stk-block-columns stk-block stk-da81380 stk-block-background stk--has-background-overlay\" data-block-id=\"da81380\"><style>.stk-da81380 {background-color:linear-gradient(0deg,rgb(8,8,8) 0%,rgb(5,6,6) 100%) !important;background-image:url(https:\/\/beautifulflowers.com.co\/wp-content\/uploads\/2024\/10\/Black-Red-Minimalist-Fashion-Product-Introduction-Landscape-Banner.png) !important;min-height:600px !important;align-items:center !important;margin-bottom:-81px !important;display:flex !important;}.stk-da81380:before{opacity:0.5 !important;background-image:linear-gradient(0deg,rgb(8,8,8) 0%,rgb(5,6,6) 100%) !important;}<\/style><div class=\"stk-row stk-inner-blocks stk-block-content stk-content-align stk-da81380-column alignwide\"><\/div><\/div>\n\n\n\n<div class=\"wp-block-stackable-columns stk-block-columns stk-block stk-5bec4db\" data-block-id=\"5bec4db\"><div class=\"stk-row stk-inner-blocks stk-block-content stk-content-align stk-5bec4db-column\">\n<div class=\"wp-block-stackable-column stk-block-column stk-column stk-block stk-711666f\" data-v=\"4\" data-block-id=\"711666f\"><div class=\"stk-column-wrapper stk-block-column__content stk-container stk-711666f-container stk--no-background stk--no-padding\"><div class=\"stk-block-content stk-inner-blocks stk-711666f-inner-blocks\">\n<p class=\"has-text-align-center\"><strong><span style=\"color: var(--theme-palette-color-2, #a67628);\" class=\"stk-highlight\">Transformamos momentos en recuerdos inolvidables<\/span><\/strong><\/p>\n\n\n\n<div class=\"wp-block-stackable-subtitle stk-block-subtitle stk-block stk-3c056bb\" data-block-id=\"3c056bb\"><p class=\"stk-block-subtitle__text stk-subtitle has-text-align-center\"><span style=\"color: var(--theme-palette-color-1, #f6c967);\" class=\"stk-highlight\">En nuestra florister\u00eda, no solo vendemos flores, creamos experiencias que hablan por ti. Sabemos que cada regalo lleva un mensaje, ya sea de amor, agradecimiento o incluso consuelo, y estamos comprometidos en hacer que cada detalle cuente. Nuestro enfoque en la elegancia, calidad y pasi\u00f3n nos ha permitido crecer y ganarnos la confianza de nuestros clientes durante muchos a\u00f1os en Villavicencio.<\/span><\/p><\/div>\n\n\n\n<p class=\"has-text-align-center\"><strong><span style=\"color: var(--theme-palette-color-2, #a67628);\" class=\"stk-highlight\">Elegancia y dedicaci\u00f3n en cada p\u00e9talo<\/span><\/strong><\/p>\n\n\n\n<div class=\"wp-block-stackable-subtitle stk-block-subtitle stk-block stk-bc615b9\" data-block-id=\"bc615b9\"><p class=\"stk-block-subtitle__text stk-subtitle has-text-align-center\"><span style=\"color: var(--theme-palette-color-1, #f6c967);\" class=\"stk-highlight\">Cada arreglo floral que sale de nuestras manos refleja nuestro compromiso con la perfecci\u00f3n. Nos esforzamos por entender las necesidades y emociones de nuestros clientes, y eso se refleja en la atenci\u00f3n que ponemos en cada flor, en cada lazo, en cada detalle. Nuestra misi\u00f3n es convertir tus sentimientos en un regalo inolvidable, cuidando cada aspecto para que el resultado sea simplemente perfecto.<\/span><\/p><\/div>\n<\/div><\/div><\/div>\n\n\n\n<div class=\"wp-block-stackable-column stk-block-column stk-column stk-block stk-73b360d\" data-v=\"4\" data-block-id=\"73b360d\"><div class=\"stk-column-wrapper stk-block-column__content stk-container stk-73b360d-container stk--no-background stk--no-padding\"><div class=\"stk-block-content stk-inner-blocks stk-73b360d-inner-blocks\">\n<div class=\"wp-block-stackable-image stk-block-image stk-block stk-078c9b4\" data-block-id=\"078c9b4\"><style>.stk-078c9b4 {max-width:1500px !important;min-width:auto !important;}.stk-078c9b4 .stk-img-wrapper{aspect-ratio:3\/2 !important;width:null% !important;height:nullpx !important;}.stk-078c9b4 .stk-img-wrapper img{transform:scale(1.03) !important;object-position:48% 30% !important;}@media screen and (max-width:999px){.stk-078c9b4 .stk-img-wrapper{height:auto !important;}}@media screen and (max-width:689px){.stk-078c9b4 .stk-img-wrapper{height:auto !important;}}<\/style><figure><span class=\"stk-img-wrapper stk-image--shape-stretch\"><img loading=\"lazy\" decoding=\"async\" class=\"stk-img wp-image-933\" src=\"https:\/\/beautifulflowers.com.co\/wp-content\/uploads\/2024\/10\/disena-una-mujer-con-un-buquet-de-rosas-rojas-y-papel-dorado-un-buquet-grande-una-mujer-con-razgos-colombianos-muy-eleganqte-y-feliz-en-fondo-negro.jpg\" width=\"2048\" height=\"2048\" srcset=\"https:\/\/beautifulflowers.com.co\/wp-content\/uploads\/2024\/10\/disena-una-mujer-con-un-buquet-de-rosas-rojas-y-papel-dorado-un-buquet-grande-una-mujer-con-razgos-colombianos-muy-eleganqte-y-feliz-en-fondo-negro.jpg 2048w, https:\/\/beautifulflowers.com.co\/wp-content\/uploads\/2024\/10\/disena-una-mujer-con-un-buquet-de-rosas-rojas-y-papel-dorado-un-buquet-grande-una-mujer-con-razgos-colombianos-muy-eleganqte-y-feliz-en-fondo-negro-300x300.jpg 300w, https:\/\/beautifulflowers.com.co\/wp-content\/uploads\/2024\/10\/disena-una-mujer-con-un-buquet-de-rosas-rojas-y-papel-dorado-un-buquet-grande-una-mujer-con-razgos-colombianos-muy-eleganqte-y-feliz-en-fondo-negro-100x100.jpg 100w, https:\/\/beautifulflowers.com.co\/wp-content\/uploads\/2024\/10\/disena-una-mujer-con-un-buquet-de-rosas-rojas-y-papel-dorado-un-buquet-grande-una-mujer-con-razgos-colombianos-muy-eleganqte-y-feliz-en-fondo-negro-600x600.jpg 600w, https:\/\/beautifulflowers.com.co\/wp-content\/uploads\/2024\/10\/disena-una-mujer-con-un-buquet-de-rosas-rojas-y-papel-dorado-un-buquet-grande-una-mujer-con-razgos-colombianos-muy-eleganqte-y-feliz-en-fondo-negro-1024x1024.jpg 1024w, https:\/\/beautifulflowers.com.co\/wp-content\/uploads\/2024\/10\/disena-una-mujer-con-un-buquet-de-rosas-rojas-y-papel-dorado-un-buquet-grande-una-mujer-con-razgos-colombianos-muy-eleganqte-y-feliz-en-fondo-negro-150x150.jpg 150w, https:\/\/beautifulflowers.com.co\/wp-content\/uploads\/2024\/10\/disena-una-mujer-con-un-buquet-de-rosas-rojas-y-papel-dorado-un-buquet-grande-una-mujer-con-razgos-colombianos-muy-eleganqte-y-feliz-en-fondo-negro-768x768.jpg 768w, https:\/\/beautifulflowers.com.co\/wp-content\/uploads\/2024\/10\/disena-una-mujer-con-un-buquet-de-rosas-rojas-y-papel-dorado-un-buquet-grande-una-mujer-con-razgos-colombianos-muy-eleganqte-y-feliz-en-fondo-negro-1536x1536.jpg 1536w\" sizes=\"auto, (max-width: 2048px) 100vw, 2048px\" \/><\/span><\/figure><\/div>\n<\/div><\/div><\/div>\n<\/div><\/div>\n\n\n\n<p><\/p>\n\n\n\n<div class=\"wp-block-stackable-spacer stk-block-spacer stk--no-padding stk-block stk-27fd71b\" data-block-id=\"27fd71b\"><\/div>\n\n\n\n<div class=\"wp-block-stackable-call-to-action alignfull stk-block-call-to-action stk-block stk-2587e0c stk-block-background stk--has-background-overlay\" data-v=\"2\" data-block-id=\"2587e0c\"><style>.stk-2587e0c {background-color:#000000 !important;background-image:url(https:\/\/beautifulflowers.com.co\/wp-content\/uploads\/2024\/05\/8.jpg) !important;min-height:500px !important;align-items:center !important;display:flex !important;}.stk-2587e0c:before{background-color:#000000 !important;opacity:0.6 !important;}<\/style><div class=\"stk-block-call-to-action__content stk-content-align stk-2587e0c-column alignwide stk-container stk-2587e0c-container stk--no-background stk--no-padding\"><div class=\"has-text-align-center stk-block-content stk-inner-blocks stk-2587e0c-inner-blocks\">\n<div class=\"wp-block-stackable-heading stk-block-heading stk-block-heading--v2 stk-block stk-32718c1\" id=\"un-catalogo-pensado-para-cada-ocasion\" data-block-id=\"32718c1\"><style>.stk-32718c1 .stk-block-heading__text{font-size:48px !important;color:#FFFFFF !important;font-weight:300 !important;font-family:\"IBM Plex Sans\", Sans-serif !important;}@media screen and (max-width:999px){.stk-32718c1 .stk-block-heading__text{font-size:48px !important;}}<\/style><h3 class=\"stk-block-heading__text has-text-color has-white-color\">Un cat\u00e1logo pensado para cada ocasi\u00f3n<\/h3><\/div>\n\n\n\n<div class=\"wp-block-stackable-text stk-block-text stk-block stk-19914ac\" data-block-id=\"19914ac\"><style>.stk-19914ac .stk-block-text__text{color:#FFFFFF !important;}<\/style><p class=\"stk-block-text__text has-text-color has-white-color\">Nuestra oferta es tan diversa como las emociones que deseas expresar. Contamos con una amplia variedad de opciones: desde cajas de rosas tradicionales y elegantes bouquets, hasta detalles \u00fanicos como fresas con chocolate y osos en foami. Ya sea para celebrar un cumplea\u00f1os, un aniversario, pedir perd\u00f3n o acompa\u00f1ar en un momento dif\u00edcil, cada uno de nuestros dise\u00f1os ha sido creado con un prop\u00f3sito: hacer que el momento sea memorable.<\/p><\/div>\n\n\n\n<div class=\"wp-block-stackable-button-group stk-block-button-group stk-block stk-08a7df6\" data-block-id=\"08a7df6\"><style>.stk-08a7df6 .stk-button-group{flex-direction:row !important;}@media screen and (max-width:999px){.stk-08a7df6 .stk-button-group{flex-direction:row !important;}}@media screen and (max-width:689px){.stk-08a7df6 .stk-button-group{flex-direction:row !important;}}<\/style><div class=\"stk-row stk-inner-blocks stk-block-content stk-button-group\"><\/div><\/div>\n<\/div><\/div><\/div>\n\n\n\n<div class=\"wp-block-stackable-spacer stk-block-spacer stk--no-padding stk-block stk-07622a4\" data-block-id=\"07622a4\"><\/div>\n\n\n\n<div class=\"wp-block-stackable-hero stk-block-hero stk-block stk-fec1bd4 stk-block-background is-style-default\" data-v=\"2\" data-block-id=\"fec1bd4\"><style>.stk-fec1bd4-inner-blocks{justify-content:center !important;}.stk-fec1bd4 {background-color:var(--theme-palette-color-8, #000000) !important;}.stk-fec1bd4:before{background-color:var(--theme-palette-color-8, #000000) !important;}.stk-fec1bd4 .stk-block-hero__content{min-height:500px !important;align-items:center !important;display:flex !important;}<\/style><div class=\"stk-block-hero__content stk-content-align stk-fec1bd4-column stk-container stk-fec1bd4-container stk-hover-parent\"><div class=\"stk-block-content stk-inner-blocks has-text-align-center stk--column-flex stk-fec1bd4-inner-blocks\">\n<div class=\"wp-block-stackable-heading stk-block-heading stk-block-heading--v2 stk-block stk-4b58701\" id=\"contactanos\" data-block-id=\"4b58701\"><h2 class=\"stk-block-heading__text\">Cont\u00e1ctanos <\/h2><\/div>\n\n\n\n<p>Estamos disponibles para atenderte tanto en l\u00ednea como en nuestra tienda f\u00edsica. \u00a1Te esperamos con los brazos abiertos!<\/p>\n\n\n\n<p>Villavicencio, Colombia <br>302 8691113<\/p>\n\n\n\n<div class=\"wp-block-stackable-button-group stk-block-button-group stk-block stk-aeca389\" data-block-id=\"aeca389\"><style>.stk-aeca389 .stk-button-group{flex-direction:row !important;}@media screen and (max-width:999px){.stk-aeca389 .stk-button-group{flex-direction:row !important;}}@media screen and (max-width:689px){.stk-aeca389 .stk-button-group{flex-direction:row !important;}}<\/style><div class=\"stk-row stk-inner-blocks stk-block-content stk-button-group\">\n<div class=\"wp-block-stackable-icon-button stk-block-icon-button stk-block stk-c9165ce\" data-block-id=\"c9165ce\"><style>.stk-c9165ce .stk-button{background:#3b5998 !important;}<\/style><a class=\"stk-link stk-button stk--hover-effect-darken\" href=\"https:\/\/www.facebook.com\/profile.php?id=100063836310244&amp;locale=es_LA\"><span class=\"stk--svg-wrapper\"><div class=\"stk--inner-svg\"><svg data-prefix=\"fab\" data-icon=\"facebook-square\" class=\"svg-inline--fa fa-facebook-square fa-w-14\" xmlns=\"http:\/\/www.w3.org\/2000\/svg\" viewBox=\"0 0 448 512\" aria-hidden=\"true\" width=\"32\" height=\"32\"><path fill=\"currentColor\" d=\"M400 32H48A48 48 0 0 0 0 80v352a48 48 0 0 0 48 48h137.25V327.69h-63V256h63v-54.64c0-62.15 37-96.48 93.67-96.48 27.14 0 55.52 4.84 55.52 4.84v61h-31.27c-30.81 0-40.42 19.12-40.42 38.73V256h68.78l-11 71.69h-57.78V480H400a48 48 0 0 0 48-48V80a48 48 0 0 0-48-48z\"><\/path><\/svg><\/div><\/span><\/a><\/div>\n\n\n\n<div class=\"wp-block-stackable-icon-button stk-block-icon-button stk-block stk-ca64aa2\" data-block-id=\"ca64aa2\"><style>.stk-ca64aa2 .stk-button{background:#c13584 !important;}<\/style><a class=\"stk-link stk-button stk--hover-effect-darken\" href=\"https:\/\/www.instagram.com\/beautifful_flowerss\/\"><span class=\"stk--svg-wrapper\"><div class=\"stk--inner-svg\"><svg data-prefix=\"fab\" data-icon=\"instagram\" class=\"svg-inline--fa fa-instagram fa-w-14\" xmlns=\"http:\/\/www.w3.org\/2000\/svg\" viewBox=\"0 0 448 512\" aria-hidden=\"true\" width=\"32\" height=\"32\"><path fill=\"currentColor\" d=\"M224.1 141c-63.6 0-114.9 51.3-114.9 114.9s51.3 114.9 114.9 114.9S339 319.5 339 255.9 287.7 141 224.1 141zm0 189.6c-41.1 0-74.7-33.5-74.7-74.7s33.5-74.7 74.7-74.7 74.7 33.5 74.7 74.7-33.6 74.7-74.7 74.7zm146.4-194.3c0 14.9-12 26.8-26.8 26.8-14.9 0-26.8-12-26.8-26.8s12-26.8 26.8-26.8 26.8 12 26.8 26.8zm76.1 27.2c-1.7-35.9-9.9-67.7-36.2-93.9-26.2-26.2-58-34.4-93.9-36.2-37-2.1-147.9-2.1-184.9 0-35.8 1.7-67.6 9.9-93.9 36.1s-34.4 58-36.2 93.9c-2.1 37-2.1 147.9 0 184.9 1.7 35.9 9.9 67.7 36.2 93.9s58 34.4 93.9 36.2c37 2.1 147.9 2.1 184.9 0 35.9-1.7 67.7-9.9 93.9-36.2 26.2-26.2 34.4-58 36.2-93.9 2.1-37 2.1-147.8 0-184.8zM398.8 388c-7.8 19.6-22.9 34.7-42.6 42.6-29.5 11.7-99.5 9-132.1 9s-102.7 2.6-132.1-9c-19.6-7.8-34.7-22.9-42.6-42.6-11.7-29.5-9-99.5-9-132.1s-2.6-102.7 9-132.1c7.8-19.6 22.9-34.7 42.6-42.6 29.5-11.7 99.5-9 132.1-9s102.7-2.6 132.1 9c19.6 7.8 34.7 22.9 42.6 42.6 11.7 29.5 9 99.5 9 132.1s2.7 102.7-9 132.1z\"><\/path><\/svg><\/div><\/span><\/a><\/div>\n\n\n\n<div class=\"wp-block-stackable-icon-button stk-block-icon-button stk-block stk-9e835fe\" data-block-id=\"9e835fe\"><style>.stk-9e835fe .stk-button{background:#68c42b !important;}<\/style><a class=\"stk-link stk-button stk--hover-effect-darken\" href=\"https:\/\/api.whatsapp.com\/send?phone=573028691113&amp;text=%F0%9F%98%80%20Hola%2C%20vengo%20de%20Instagram%20estoy%20interesado%2Fa%20en%20\"><span class=\"stk--svg-wrapper\"><div class=\"stk--inner-svg\"><svg xmlns=\"http:\/\/www.w3.org\/2000\/svg\" viewBox=\"0 0 448 512\" aria-hidden=\"true\" width=\"32\" height=\"32\"><path d=\"M380.9 97.1C339 55.1 283.2 32 223.9 32c-122.4 0-222 99.6-222 222 0 39.1 10.2 77.3 29.6 111L0 480l117.7-30.9c32.4 17.7 68.9 27 106.1 27h.1c122.3 0 224.1-99.6 224.1-222 0-59.3-25.2-115-67.1-157zm-157 341.6c-33.2 0-65.7-8.9-94-25.7l-6.7-4-69.8 18.3L72 359.2l-4.4-7c-18.5-29.4-28.2-63.3-28.2-98.2 0-101.7 82.8-184.5 184.6-184.5 49.3 0 95.6 19.2 130.4 54.1 34.8 34.9 56.2 81.2 56.1 130.5 0 101.8-84.9 184.6-186.6 184.6zm101.2-138.2c-5.5-2.8-32.8-16.2-37.9-18-5.1-1.9-8.8-2.8-12.5 2.8-3.7 5.6-14.3 18-17.6 21.8-3.2 3.7-6.5 4.2-12 1.4-32.6-16.3-54-29.1-75.5-66-5.7-9.8 5.7-9.1 16.3-30.3 1.8-3.7.9-6.9-.5-9.7-1.4-2.8-12.5-30.1-17.1-41.2-4.5-10.8-9.1-9.3-12.5-9.5-3.2-.2-6.9-.2-10.6-.2-3.7 0-9.7 1.4-14.8 6.9-5.1 5.6-19.4 19-19.4 46.3 0 27.3 19.9 53.7 22.6 57.4 2.8 3.7 39.1 59.7 94.8 83.8 35.2 15.2 49 16.5 66.6 13.9 10.7-1.6 32.8-13.4 37.4-26.4 4.6-13 4.6-24.1 3.2-26.4-1.3-2.5-5-3.9-10.5-6.6z\"><\/path><\/svg><\/div><\/span><\/a><\/div>\n\n\n\n<div class=\"wp-block-stackable-icon-button stk-block-icon-button stk-block stk-f9c87aa\" data-block-id=\"f9c87aa\"><style>.stk-f9c87aa .stk-button{background:#abb8c3 !important;}<\/style><a class=\"stk-link stk-button stk--hover-effect-darken\" href=\"https:\/\/www.tiktok.com\/@beautifull.flowerss?_t=8qPBVjG0OKk&amp;_r=1\"><span class=\"stk--svg-wrapper\"><div class=\"stk--inner-svg\"><svg xmlns=\"http:\/\/www.w3.org\/2000\/svg\" viewBox=\"0 0 448 512\" aria-hidden=\"true\" width=\"32\" height=\"32\"><path d=\"M448,209.91a210.06,210.06,0,0,1-122.77-39.25V349.38A162.55,162.55,0,1,1,185,188.31V278.2a74.62,74.62,0,1,0,52.23,71.18V0l88,0a121.18,121.18,0,0,0,1.86,22.17h0A122.18,122.18,0,0,0,381,102.39a121.43,121.43,0,0,0,67,20.14Z\"><\/path><\/svg><\/div><\/span><\/a><\/div>\n<\/div><\/div>\n\n\n\n<div class=\"wp-block-stackable-button-group stk-block-button-group stk-block stk-19e6e50\" data-block-id=\"19e6e50\"><style>.stk-19e6e50 .stk-button-group{flex-direction:row !important;}@media screen and (max-width:999px){.stk-19e6e50 .stk-button-group{flex-direction:row !important;}}@media screen and (max-width:689px){.stk-19e6e50 .stk-button-group{flex-direction:row !important;}}<\/style><div class=\"stk-row stk-inner-blocks stk-block-content stk-button-group\"><\/div><\/div>\n<\/div><\/div><\/div>\n","protected":false},"excerpt":{"rendered":"<p>Transformamos momentos en recuerdos inolvidables En nuestra florister\u00eda, no solo vendemos flores, creamos experiencias que hablan por ti. Sabemos que cada regalo lleva un mensaje, ya sea de amor, agradecimiento o incluso consuelo, y estamos comprometidos en hacer que cada detalle cuente. Nuestro enfoque en la elegancia, calidad y pasi\u00f3n nos ha permitido crecer y [&hellip;]<\/p>\n","protected":false},"author":1,"featured_media":0,"parent":0,"menu_order":0,"comment_status":"closed","ping_status":"closed","template":"","meta":{"footnotes":""},"class_list":["post-1438","page","type-page","status-publish","hentry"],"blocksy_meta":[],"yoast_head":"<!-- This site is optimized with the Yoast SEO plugin v27.0 - https:\/\/yoast.com\/product\/yoast-seo-wordpress\/ -->\n<title>floristeria|villavicencio|nosotros<\/title>\n<meta name=\"description\" content=\"Florister\u00eda en Villavicencio. Nos hemos destacado por ofrecer productos de la m\u00e1s alta calidad y un servicio personalizado.\" \/>\n<meta name=\"robots\" content=\"index, follow, max-snippet:-1, max-image-preview:large, max-video-preview:-1\" \/>\n<link rel=\"canonical\" href=\"https:\/\/beautifulflowers.com.co\/index.php\/floristeria-en-villavicencio\/\" \/>\n<meta property=\"og:locale\" content=\"es_ES\" \/>\n<meta property=\"og:type\" content=\"article\" \/>\n<meta property=\"og:title\" content=\"floristeria|villavicencio|nosotros\" \/>\n<meta property=\"og:description\" content=\"Florister\u00eda en Villavicencio. Nos hemos destacado por ofrecer productos de la m\u00e1s alta calidad y un servicio personalizado.\" \/>\n<meta property=\"og:url\" content=\"https:\/\/beautifulflowers.com.co\/index.php\/floristeria-en-villavicencio\/\" \/>\n<meta property=\"article:modified_time\" content=\"2024-10-11T19:57:14+00:00\" \/>\n<meta property=\"og:image\" content=\"http:\/\/beautifulflowers.com.co\/wp-content\/uploads\/2024\/10\/disena-una-mujer-con-un-buquet-de-rosas-rojas-y-papel-dorado-un-buquet-grande-una-mujer-con-razgos-colombianos-muy-eleganqte-y-feliz-en-fondo-negro.jpg\" \/>\n<meta name=\"twitter:card\" content=\"summary_large_image\" \/>\n<meta name=\"twitter:label1\" content=\"Tiempo de lectura\" \/>\n\t<meta name=\"twitter:data1\" content=\"2 minutos\" \/>\n<script type=\"application\/ld+json\" class=\"yoast-schema-graph\">{\"@context\":\"https:\/\/schema.org\",\"@graph\":[{\"@type\":\"WebPage\",\"@id\":\"https:\/\/beautifulflowers.com.co\/index.php\/floristeria-en-villavicencio\/\",\"url\":\"https:\/\/beautifulflowers.com.co\/index.php\/floristeria-en-villavicencio\/\",\"name\":\"floristeria|villavicencio|nosotros\",\"isPartOf\":{\"@id\":\"https:\/\/beautifulflowers.com.co\/#website\"},\"primaryImageOfPage\":{\"@id\":\"https:\/\/beautifulflowers.com.co\/index.php\/floristeria-en-villavicencio\/#primaryimage\"},\"image\":{\"@id\":\"https:\/\/beautifulflowers.com.co\/index.php\/floristeria-en-villavicencio\/#primaryimage\"},\"thumbnailUrl\":\"http:\/\/beautifulflowers.com.co\/wp-content\/uploads\/2024\/10\/disena-una-mujer-con-un-buquet-de-rosas-rojas-y-papel-dorado-un-buquet-grande-una-mujer-con-razgos-colombianos-muy-eleganqte-y-feliz-en-fondo-negro.jpg\",\"datePublished\":\"2024-10-11T19:54:42+00:00\",\"dateModified\":\"2024-10-11T19:57:14+00:00\",\"description\":\"Florister\u00eda en Villavicencio. Nos hemos destacado por ofrecer productos de la m\u00e1s alta calidad y un servicio personalizado.\",\"breadcrumb\":{\"@id\":\"https:\/\/beautifulflowers.com.co\/index.php\/floristeria-en-villavicencio\/#breadcrumb\"},\"inLanguage\":\"es-CO\",\"potentialAction\":[{\"@type\":\"ReadAction\",\"target\":[\"https:\/\/beautifulflowers.com.co\/index.php\/floristeria-en-villavicencio\/\"]}]},{\"@type\":\"ImageObject\",\"inLanguage\":\"es-CO\",\"@id\":\"https:\/\/beautifulflowers.com.co\/index.php\/floristeria-en-villavicencio\/#primaryimage\",\"url\":\"https:\/\/beautifulflowers.com.co\/wp-content\/uploads\/2024\/10\/disena-una-mujer-con-un-buquet-de-rosas-rojas-y-papel-dorado-un-buquet-grande-una-mujer-con-razgos-colombianos-muy-eleganqte-y-feliz-en-fondo-negro.jpg\",\"contentUrl\":\"https:\/\/beautifulflowers.com.co\/wp-content\/uploads\/2024\/10\/disena-una-mujer-con-un-buquet-de-rosas-rojas-y-papel-dorado-un-buquet-grande-una-mujer-con-razgos-colombianos-muy-eleganqte-y-feliz-en-fondo-negro.jpg\",\"width\":2048,\"height\":2048},{\"@type\":\"BreadcrumbList\",\"@id\":\"https:\/\/beautifulflowers.com.co\/index.php\/floristeria-en-villavicencio\/#breadcrumb\",\"itemListElement\":[{\"@type\":\"ListItem\",\"position\":1,\"name\":\"Inicio\",\"item\":\"https:\/\/beautifulflowers.com.co\/\"},{\"@type\":\"ListItem\",\"position\":2,\"name\":\"Nosotros\"}]},{\"@type\":\"WebSite\",\"@id\":\"https:\/\/beautifulflowers.com.co\/#website\",\"url\":\"https:\/\/beautifulflowers.com.co\/\",\"name\":\"\",\"description\":\"Floristeria Beautiful Flowers\",\"potentialAction\":[{\"@type\":\"SearchAction\",\"target\":{\"@type\":\"EntryPoint\",\"urlTemplate\":\"https:\/\/beautifulflowers.com.co\/?s={search_term_string}\"},\"query-input\":{\"@type\":\"PropertyValueSpecification\",\"valueRequired\":true,\"valueName\":\"search_term_string\"}}],\"inLanguage\":\"es-CO\"}]}<\/script>\n<!-- \/ Yoast SEO plugin. -->","yoast_head_json":{"title":"floristeria|villavicencio|nosotros","description":"Florister\u00eda en Villavicencio. Nos hemos destacado por ofrecer productos de la m\u00e1s alta calidad y un servicio personalizado.","robots":{"index":"index","follow":"follow","max-snippet":"max-snippet:-1","max-image-preview":"max-image-preview:large","max-video-preview":"max-video-preview:-1"},"canonical":"https:\/\/beautifulflowers.com.co\/index.php\/floristeria-en-villavicencio\/","og_locale":"es_ES","og_type":"article","og_title":"floristeria|villavicencio|nosotros","og_description":"Florister\u00eda en Villavicencio. Nos hemos destacado por ofrecer productos de la m\u00e1s alta calidad y un servicio personalizado.","og_url":"https:\/\/beautifulflowers.com.co\/index.php\/floristeria-en-villavicencio\/","article_modified_time":"2024-10-11T19:57:14+00:00","og_image":[{"url":"http:\/\/beautifulflowers.com.co\/wp-content\/uploads\/2024\/10\/disena-una-mujer-con-un-buquet-de-rosas-rojas-y-papel-dorado-un-buquet-grande-una-mujer-con-razgos-colombianos-muy-eleganqte-y-feliz-en-fondo-negro.jpg","type":"","width":"","height":""}],"twitter_card":"summary_large_image","twitter_misc":{"Tiempo de lectura":"2 minutos"},"schema":{"@context":"https:\/\/schema.org","@graph":[{"@type":"WebPage","@id":"https:\/\/beautifulflowers.com.co\/index.php\/floristeria-en-villavicencio\/","url":"https:\/\/beautifulflowers.com.co\/index.php\/floristeria-en-villavicencio\/","name":"floristeria|villavicencio|nosotros","isPartOf":{"@id":"https:\/\/beautifulflowers.com.co\/#website"},"primaryImageOfPage":{"@id":"https:\/\/beautifulflowers.com.co\/index.php\/floristeria-en-villavicencio\/#primaryimage"},"image":{"@id":"https:\/\/beautifulflowers.com.co\/index.php\/floristeria-en-villavicencio\/#primaryimage"},"thumbnailUrl":"http:\/\/beautifulflowers.com.co\/wp-content\/uploads\/2024\/10\/disena-una-mujer-con-un-buquet-de-rosas-rojas-y-papel-dorado-un-buquet-grande-una-mujer-con-razgos-colombianos-muy-eleganqte-y-feliz-en-fondo-negro.jpg","datePublished":"2024-10-11T19:54:42+00:00","dateModified":"2024-10-11T19:57:14+00:00","description":"Florister\u00eda en Villavicencio. Nos hemos destacado por ofrecer productos de la m\u00e1s alta calidad y un servicio personalizado.","breadcrumb":{"@id":"https:\/\/beautifulflowers.com.co\/index.php\/floristeria-en-villavicencio\/#breadcrumb"},"inLanguage":"es-CO","potentialAction":[{"@type":"ReadAction","target":["https:\/\/beautifulflowers.com.co\/index.php\/floristeria-en-villavicencio\/"]}]},{"@type":"ImageObject","inLanguage":"es-CO","@id":"https:\/\/beautifulflowers.com.co\/index.php\/floristeria-en-villavicencio\/#primaryimage","url":"https:\/\/beautifulflowers.com.co\/wp-content\/uploads\/2024\/10\/disena-una-mujer-con-un-buquet-de-rosas-rojas-y-papel-dorado-un-buquet-grande-una-mujer-con-razgos-colombianos-muy-eleganqte-y-feliz-en-fondo-negro.jpg","contentUrl":"https:\/\/beautifulflowers.com.co\/wp-content\/uploads\/2024\/10\/disena-una-mujer-con-un-buquet-de-rosas-rojas-y-papel-dorado-un-buquet-grande-una-mujer-con-razgos-colombianos-muy-eleganqte-y-feliz-en-fondo-negro.jpg","width":2048,"height":2048},{"@type":"BreadcrumbList","@id":"https:\/\/beautifulflowers.com.co\/index.php\/floristeria-en-villavicencio\/#breadcrumb","itemListElement":[{"@type":"ListItem","position":1,"name":"Inicio","item":"https:\/\/beautifulflowers.com.co\/"},{"@type":"ListItem","position":2,"name":"Nosotros"}]},{"@type":"WebSite","@id":"https:\/\/beautifulflowers.com.co\/#website","url":"https:\/\/beautifulflowers.com.co\/","name":"","description":"Floristeria Beautiful Flowers","potentialAction":[{"@type":"SearchAction","target":{"@type":"EntryPoint","urlTemplate":"https:\/\/beautifulflowers.com.co\/?s={search_term_string}"},"query-input":{"@type":"PropertyValueSpecification","valueRequired":true,"valueName":"search_term_string"}}],"inLanguage":"es-CO"}]}},"_links":{"self":[{"href":"https:\/\/beautifulflowers.com.co\/index.php\/wp-json\/wp\/v2\/pages\/1438","targetHints":{"allow":["GET"]}}],"collection":[{"href":"https:\/\/beautifulflowers.com.co\/index.php\/wp-json\/wp\/v2\/pages"}],"about":[{"href":"https:\/\/beautifulflowers.com.co\/index.php\/wp-json\/wp\/v2\/types\/page"}],"author":[{"embeddable":true,"href":"https:\/\/beautifulflowers.com.co\/index.php\/wp-json\/wp\/v2\/users\/1"}],"replies":[{"embeddable":true,"href":"https:\/\/beautifulflowers.com.co\/index.php\/wp-json\/wp\/v2\/comments?post=1438"}],"version-history":[{"count":3,"href":"https:\/\/beautifulflowers.com.co\/index.php\/wp-json\/wp\/v2\/pages\/1438\/revisions"}],"predecessor-version":[{"id":1443,"href":"https:\/\/beautifulflowers.com.co\/index.php\/wp-json\/wp\/v2\/pages\/1438\/revisions\/1443"}],"wp:attachment":[{"href":"https:\/\/beautifulflowers.com.co\/index.php\/wp-json\/wp\/v2\/media?parent=1438"}],"curies":[{"name":"wp","href":"https:\/\/api.w.org\/{rel}","templated":true}]}}