{"id":6,"date":"2023-02-01T21:00:24","date_gmt":"2023-02-01T21:00:24","guid":{"rendered":"http:\/\/beautifulflowers.com.co\/index.php\/cart\/"},"modified":"2024-11-19T18:42:35","modified_gmt":"2024-11-19T18:42:35","slug":"carrito-de-compras","status":"publish","type":"page","link":"https:\/\/beautifulflowers.com.co\/index.php\/carrito-de-compras\/","title":{"rendered":"Carrito"},"content":{"rendered":"\n\n<p>\u00a0<\/p>\n<p><br \/><a href=\"https:\/\/beautifulflowers.com.co\/index.php\/catalogo-de-todos-nuestros-productos\/\">Volver a la tienda<\/a><\/p>\n<p>\u00a0<\/p>\n<p>\u00a0<\/p>\n<h4>Aseg\u00farate de que tu selecci\u00f3n es perfecta.<\/h4>\n<p>Bienvenido al carrito de compras, donde la magia de las flores se encuentra a solo un paso de tu hogar. Aqu\u00ed podr\u00e1s revisar y finalizar tu pedido con la seguridad de que recibir\u00e1s arreglos florales frescos y de la mejor calidad.\u00a0<\/p>\n<p>Aqu\u00ed encontrar\u00e1s los detalles de cada uno de los productos florales que has a\u00f1adido a tu carrito.<\/p>","protected":false},"excerpt":{"rendered":"<p>\u00a0 Volver a la tienda \u00a0 \u00a0 Aseg\u00farate de que tu selecci\u00f3n es perfecta. Bienvenido al carrito de compras, donde la magia de las flores se encuentra a solo un paso de tu hogar. Aqu\u00ed podr\u00e1s revisar y finalizar tu pedido con la seguridad de que recibir\u00e1s arreglos florales frescos y de la mejor calidad.\u00a0 [&hellip;]<\/p>\n","protected":false},"author":1,"featured_media":0,"parent":0,"menu_order":0,"comment_status":"closed","ping_status":"closed","template":"","meta":{"footnotes":""},"class_list":["post-6","page","type-page","status-publish","hentry"],"blocksy_meta":{"has_hero_section":"disabled","styles_descriptor":{"styles":{"desktop":"","tablet":"","mobile":""},"google_fonts":[],"version":6}},"yoast_head":"<!-- This site is optimized with the Yoast SEO plugin v27.0 - https:\/\/yoast.com\/product\/yoast-seo-wordpress\/ -->\n<title>Carrito|de|compras<\/title>\n<meta name=\"description\" content=\"Florister\u00eda virtual en Villavicencio, domicilio incluido. Variedad de dise\u00f1os, ramos de flores, cajas de rosas, fresas achocolatadas.\" \/>\n<meta name=\"robots\" content=\"index, follow, max-snippet:-1, max-image-preview:large, max-video-preview:-1\" \/>\n<link rel=\"canonical\" href=\"https:\/\/beautifulflowers.com.co\/index.php\/carrito-de-compras\/\" \/>\n<meta property=\"og:locale\" content=\"es_ES\" \/>\n<meta property=\"og:type\" content=\"article\" \/>\n<meta property=\"og:title\" content=\"Carrito|de|compras\" \/>\n<meta property=\"og:description\" content=\"Florister\u00eda virtual en Villavicencio, domicilio incluido. Variedad de dise\u00f1os, ramos de flores, cajas de rosas, fresas achocolatadas.\" \/>\n<meta property=\"og:url\" content=\"https:\/\/beautifulflowers.com.co\/index.php\/carrito-de-compras\/\" \/>\n<meta property=\"article:modified_time\" content=\"2024-11-19T18:42:35+00:00\" \/>\n<meta name=\"twitter:card\" content=\"summary_large_image\" \/>\n<meta name=\"twitter:label1\" content=\"Tiempo de lectura\" \/>\n\t<meta name=\"twitter:data1\" content=\"1 minuto\" \/>\n<script type=\"application\/ld+json\" class=\"yoast-schema-graph\">{\"@context\":\"https:\/\/schema.org\",\"@graph\":[{\"@type\":\"WebPage\",\"@id\":\"https:\/\/beautifulflowers.com.co\/index.php\/carrito-de-compras\/\",\"url\":\"https:\/\/beautifulflowers.com.co\/index.php\/carrito-de-compras\/\",\"name\":\"Carrito|de|compras\",\"isPartOf\":{\"@id\":\"https:\/\/beautifulflowers.com.co\/#website\"},\"datePublished\":\"2023-02-01T21:00:24+00:00\",\"dateModified\":\"2024-11-19T18:42:35+00:00\",\"description\":\"Florister\u00eda virtual en Villavicencio, domicilio incluido. Variedad de dise\u00f1os, ramos de flores, cajas de rosas, fresas achocolatadas.\",\"breadcrumb\":{\"@id\":\"https:\/\/beautifulflowers.com.co\/index.php\/carrito-de-compras\/#breadcrumb\"},\"inLanguage\":\"es-CO\",\"potentialAction\":[{\"@type\":\"ReadAction\",\"target\":[\"https:\/\/beautifulflowers.com.co\/index.php\/carrito-de-compras\/\"]}]},{\"@type\":\"BreadcrumbList\",\"@id\":\"https:\/\/beautifulflowers.com.co\/index.php\/carrito-de-compras\/#breadcrumb\",\"itemListElement\":[{\"@type\":\"ListItem\",\"position\":1,\"name\":\"Inicio\",\"item\":\"https:\/\/beautifulflowers.com.co\/\"},{\"@type\":\"ListItem\",\"position\":2,\"name\":\"Carrito\"}]},{\"@type\":\"WebSite\",\"@id\":\"https:\/\/beautifulflowers.com.co\/#website\",\"url\":\"https:\/\/beautifulflowers.com.co\/\",\"name\":\"\",\"description\":\"Floristeria Beautiful Flowers\",\"potentialAction\":[{\"@type\":\"SearchAction\",\"target\":{\"@type\":\"EntryPoint\",\"urlTemplate\":\"https:\/\/beautifulflowers.com.co\/?s={search_term_string}\"},\"query-input\":{\"@type\":\"PropertyValueSpecification\",\"valueRequired\":true,\"valueName\":\"search_term_string\"}}],\"inLanguage\":\"es-CO\"}]}<\/script>\n<!-- \/ Yoast SEO plugin. -->","yoast_head_json":{"title":"Carrito|de|compras","description":"Florister\u00eda virtual en Villavicencio, domicilio incluido. Variedad de dise\u00f1os, ramos de flores, cajas de rosas, fresas achocolatadas.","robots":{"index":"index","follow":"follow","max-snippet":"max-snippet:-1","max-image-preview":"max-image-preview:large","max-video-preview":"max-video-preview:-1"},"canonical":"https:\/\/beautifulflowers.com.co\/index.php\/carrito-de-compras\/","og_locale":"es_ES","og_type":"article","og_title":"Carrito|de|compras","og_description":"Florister\u00eda virtual en Villavicencio, domicilio incluido. Variedad de dise\u00f1os, ramos de flores, cajas de rosas, fresas achocolatadas.","og_url":"https:\/\/beautifulflowers.com.co\/index.php\/carrito-de-compras\/","article_modified_time":"2024-11-19T18:42:35+00:00","twitter_card":"summary_large_image","twitter_misc":{"Tiempo de lectura":"1 minuto"},"schema":{"@context":"https:\/\/schema.org","@graph":[{"@type":"WebPage","@id":"https:\/\/beautifulflowers.com.co\/index.php\/carrito-de-compras\/","url":"https:\/\/beautifulflowers.com.co\/index.php\/carrito-de-compras\/","name":"Carrito|de|compras","isPartOf":{"@id":"https:\/\/beautifulflowers.com.co\/#website"},"datePublished":"2023-02-01T21:00:24+00:00","dateModified":"2024-11-19T18:42:35+00:00","description":"Florister\u00eda virtual en Villavicencio, domicilio incluido. Variedad de dise\u00f1os, ramos de flores, cajas de rosas, fresas achocolatadas.","breadcrumb":{"@id":"https:\/\/beautifulflowers.com.co\/index.php\/carrito-de-compras\/#breadcrumb"},"inLanguage":"es-CO","potentialAction":[{"@type":"ReadAction","target":["https:\/\/beautifulflowers.com.co\/index.php\/carrito-de-compras\/"]}]},{"@type":"BreadcrumbList","@id":"https:\/\/beautifulflowers.com.co\/index.php\/carrito-de-compras\/#breadcrumb","itemListElement":[{"@type":"ListItem","position":1,"name":"Inicio","item":"https:\/\/beautifulflowers.com.co\/"},{"@type":"ListItem","position":2,"name":"Carrito"}]},{"@type":"WebSite","@id":"https:\/\/beautifulflowers.com.co\/#website","url":"https:\/\/beautifulflowers.com.co\/","name":"","description":"Floristeria Beautiful Flowers","potentialAction":[{"@type":"SearchAction","target":{"@type":"EntryPoint","urlTemplate":"https:\/\/beautifulflowers.com.co\/?s={search_term_string}"},"query-input":{"@type":"PropertyValueSpecification","valueRequired":true,"valueName":"search_term_string"}}],"inLanguage":"es-CO"}]}},"_links":{"self":[{"href":"https:\/\/beautifulflowers.com.co\/index.php\/wp-json\/wp\/v2\/pages\/6","targetHints":{"allow":["GET"]}}],"collection":[{"href":"https:\/\/beautifulflowers.com.co\/index.php\/wp-json\/wp\/v2\/pages"}],"about":[{"href":"https:\/\/beautifulflowers.com.co\/index.php\/wp-json\/wp\/v2\/types\/page"}],"author":[{"embeddable":true,"href":"https:\/\/beautifulflowers.com.co\/index.php\/wp-json\/wp\/v2\/users\/1"}],"replies":[{"embeddable":true,"href":"https:\/\/beautifulflowers.com.co\/index.php\/wp-json\/wp\/v2\/comments?post=6"}],"version-history":[{"count":16,"href":"https:\/\/beautifulflowers.com.co\/index.php\/wp-json\/wp\/v2\/pages\/6\/revisions"}],"predecessor-version":[{"id":1495,"href":"https:\/\/beautifulflowers.com.co\/index.php\/wp-json\/wp\/v2\/pages\/6\/revisions\/1495"}],"wp:attachment":[{"href":"https:\/\/beautifulflowers.com.co\/index.php\/wp-json\/wp\/v2\/media?parent=6"}],"curies":[{"name":"wp","href":"https:\/\/api.w.org\/{rel}","templated":true}]}}