{"id":1462,"date":"2024-10-11T20:33:15","date_gmt":"2024-10-11T20:33:15","guid":{"rendered":"https:\/\/beautifulflowers.com.co\/?post_type=product&#038;p=1462"},"modified":"2026-02-04T16:58:52","modified_gmt":"2026-02-04T16:58:52","slug":"ramos-de-girasoles-y-lirios","status":"publish","type":"product","link":"https:\/\/beautifulflowers.com.co\/index.php\/product\/ramos-de-girasoles-y-lirios\/","title":{"rendered":"Ramo de girasoles"},"content":{"rendered":"<p>Ramo de girasoles y lirios, hermoso dise\u00f1o de girasoles.<\/p>\n","protected":false},"excerpt":{"rendered":"<p>Ramo de girasoles y lirios, hermoso dise\u00f1o de girasoles.<\/p>\n","protected":false},"featured_media":1463,"comment_status":"open","ping_status":"closed","template":"","meta":[],"product_brand":[],"product_cat":[15,39,34],"product_tag":[46,47,45,49,55,54],"class_list":{"0":"post-1462","1":"product","2":"type-product","3":"status-publish","4":"has-post-thumbnail","6":"product_cat-ocasion","7":"product_cat-girasoles","8":"product_cat-categoria-tradicional","9":"product_tag-amor","10":"product_tag-aniversario","11":"product_tag-cumpleanos","12":"product_tag-perdon","13":"product_tag-diadelamujer","14":"product_tag-paramama","16":"first","17":"instock","18":"shipping-taxable","19":"purchasable","20":"product-type-simple"},"yoast_head":"<!-- This site is optimized with the Yoast SEO plugin v27.0 - https:\/\/yoast.com\/product\/yoast-seo-wordpress\/ -->\n<title>Ramo|girasoles|lirios<\/title>\n<meta name=\"description\" content=\"Ramo de girasoles y lirios, hermoso dise\u00f1o de girasoles. Su tama\u00f1o es perfecto para un detalle especial desde el coraz\u00f3n.\" \/>\n<meta name=\"robots\" content=\"index, follow, max-snippet:-1, max-image-preview:large, max-video-preview:-1\" \/>\n<link rel=\"canonical\" href=\"https:\/\/beautifulflowers.com.co\/index.php\/product\/ramos-de-girasoles-y-lirios\/\" \/>\n<meta property=\"og:locale\" content=\"es_ES\" \/>\n<meta property=\"og:type\" content=\"article\" \/>\n<meta property=\"og:title\" content=\"Ramo|girasoles|lirios\" \/>\n<meta property=\"og:description\" content=\"Ramo de girasoles y lirios, hermoso dise\u00f1o de girasoles. Su tama\u00f1o es perfecto para un detalle especial desde el coraz\u00f3n.\" \/>\n<meta property=\"og:url\" content=\"https:\/\/beautifulflowers.com.co\/index.php\/product\/ramos-de-girasoles-y-lirios\/\" \/>\n<meta property=\"article:modified_time\" content=\"2026-02-04T16:58:52+00:00\" \/>\n<meta property=\"og:image\" content=\"https:\/\/beautifulflowers.com.co\/wp-content\/uploads\/2024\/10\/14.jpg\" \/>\n\t<meta property=\"og:image:width\" content=\"1080\" \/>\n\t<meta property=\"og:image:height\" content=\"1080\" \/>\n\t<meta property=\"og:image:type\" content=\"image\/jpeg\" \/>\n<meta name=\"twitter:card\" content=\"summary_large_image\" \/>\n<meta name=\"twitter:label1\" content=\"Tiempo de lectura\" \/>\n\t<meta name=\"twitter:data1\" content=\"1 minuto\" \/>\n<script type=\"application\/ld+json\" class=\"yoast-schema-graph\">{\"@context\":\"https:\/\/schema.org\",\"@graph\":[{\"@type\":\"WebPage\",\"@id\":\"https:\/\/beautifulflowers.com.co\/index.php\/product\/ramos-de-girasoles-y-lirios\/\",\"url\":\"https:\/\/beautifulflowers.com.co\/index.php\/product\/ramos-de-girasoles-y-lirios\/\",\"name\":\"Ramo|girasoles|lirios\",\"isPartOf\":{\"@id\":\"https:\/\/beautifulflowers.com.co\/#website\"},\"primaryImageOfPage\":{\"@id\":\"https:\/\/beautifulflowers.com.co\/index.php\/product\/ramos-de-girasoles-y-lirios\/#primaryimage\"},\"image\":{\"@id\":\"https:\/\/beautifulflowers.com.co\/index.php\/product\/ramos-de-girasoles-y-lirios\/#primaryimage\"},\"thumbnailUrl\":\"https:\/\/beautifulflowers.com.co\/wp-content\/uploads\/2024\/10\/14.jpg\",\"datePublished\":\"2024-10-11T20:33:15+00:00\",\"dateModified\":\"2026-02-04T16:58:52+00:00\",\"description\":\"Ramo de girasoles y lirios, hermoso dise\u00f1o de girasoles. Su tama\u00f1o es perfecto para un detalle especial desde el coraz\u00f3n.\",\"breadcrumb\":{\"@id\":\"https:\/\/beautifulflowers.com.co\/index.php\/product\/ramos-de-girasoles-y-lirios\/#breadcrumb\"},\"inLanguage\":\"es-CO\",\"potentialAction\":[{\"@type\":\"ReadAction\",\"target\":[\"https:\/\/beautifulflowers.com.co\/index.php\/product\/ramos-de-girasoles-y-lirios\/\"]}]},{\"@type\":\"ImageObject\",\"inLanguage\":\"es-CO\",\"@id\":\"https:\/\/beautifulflowers.com.co\/index.php\/product\/ramos-de-girasoles-y-lirios\/#primaryimage\",\"url\":\"https:\/\/beautifulflowers.com.co\/wp-content\/uploads\/2024\/10\/14.jpg\",\"contentUrl\":\"https:\/\/beautifulflowers.com.co\/wp-content\/uploads\/2024\/10\/14.jpg\",\"width\":1080,\"height\":1080,\"caption\":\"ramo girasoles\"},{\"@type\":\"BreadcrumbList\",\"@id\":\"https:\/\/beautifulflowers.com.co\/index.php\/product\/ramos-de-girasoles-y-lirios\/#breadcrumb\",\"itemListElement\":[{\"@type\":\"ListItem\",\"position\":1,\"name\":\"Inicio\",\"item\":\"https:\/\/beautifulflowers.com.co\/\"},{\"@type\":\"ListItem\",\"position\":2,\"name\":\"Tienda\",\"item\":\"https:\/\/beautifulflowers.com.co\/index.php\/catalogo-de-todos-nuestros-productos\/\"},{\"@type\":\"ListItem\",\"position\":3,\"name\":\"Ramo de girasoles\"}]},{\"@type\":\"WebSite\",\"@id\":\"https:\/\/beautifulflowers.com.co\/#website\",\"url\":\"https:\/\/beautifulflowers.com.co\/\",\"name\":\"\",\"description\":\"Floristeria Beautiful Flowers\",\"potentialAction\":[{\"@type\":\"SearchAction\",\"target\":{\"@type\":\"EntryPoint\",\"urlTemplate\":\"https:\/\/beautifulflowers.com.co\/?s={search_term_string}\"},\"query-input\":{\"@type\":\"PropertyValueSpecification\",\"valueRequired\":true,\"valueName\":\"search_term_string\"}}],\"inLanguage\":\"es-CO\"}]}<\/script>\n<!-- \/ Yoast SEO plugin. -->","yoast_head_json":{"title":"Ramo|girasoles|lirios","description":"Ramo de girasoles y lirios, hermoso dise\u00f1o de girasoles. Su tama\u00f1o es perfecto para un detalle especial desde el coraz\u00f3n.","robots":{"index":"index","follow":"follow","max-snippet":"max-snippet:-1","max-image-preview":"max-image-preview:large","max-video-preview":"max-video-preview:-1"},"canonical":"https:\/\/beautifulflowers.com.co\/index.php\/product\/ramos-de-girasoles-y-lirios\/","og_locale":"es_ES","og_type":"article","og_title":"Ramo|girasoles|lirios","og_description":"Ramo de girasoles y lirios, hermoso dise\u00f1o de girasoles. Su tama\u00f1o es perfecto para un detalle especial desde el coraz\u00f3n.","og_url":"https:\/\/beautifulflowers.com.co\/index.php\/product\/ramos-de-girasoles-y-lirios\/","article_modified_time":"2026-02-04T16:58:52+00:00","og_image":[{"width":1080,"height":1080,"url":"https:\/\/beautifulflowers.com.co\/wp-content\/uploads\/2024\/10\/14.jpg","type":"image\/jpeg"}],"twitter_card":"summary_large_image","twitter_misc":{"Tiempo de lectura":"1 minuto"},"schema":{"@context":"https:\/\/schema.org","@graph":[{"@type":"WebPage","@id":"https:\/\/beautifulflowers.com.co\/index.php\/product\/ramos-de-girasoles-y-lirios\/","url":"https:\/\/beautifulflowers.com.co\/index.php\/product\/ramos-de-girasoles-y-lirios\/","name":"Ramo|girasoles|lirios","isPartOf":{"@id":"https:\/\/beautifulflowers.com.co\/#website"},"primaryImageOfPage":{"@id":"https:\/\/beautifulflowers.com.co\/index.php\/product\/ramos-de-girasoles-y-lirios\/#primaryimage"},"image":{"@id":"https:\/\/beautifulflowers.com.co\/index.php\/product\/ramos-de-girasoles-y-lirios\/#primaryimage"},"thumbnailUrl":"https:\/\/beautifulflowers.com.co\/wp-content\/uploads\/2024\/10\/14.jpg","datePublished":"2024-10-11T20:33:15+00:00","dateModified":"2026-02-04T16:58:52+00:00","description":"Ramo de girasoles y lirios, hermoso dise\u00f1o de girasoles. Su tama\u00f1o es perfecto para un detalle especial desde el coraz\u00f3n.","breadcrumb":{"@id":"https:\/\/beautifulflowers.com.co\/index.php\/product\/ramos-de-girasoles-y-lirios\/#breadcrumb"},"inLanguage":"es-CO","potentialAction":[{"@type":"ReadAction","target":["https:\/\/beautifulflowers.com.co\/index.php\/product\/ramos-de-girasoles-y-lirios\/"]}]},{"@type":"ImageObject","inLanguage":"es-CO","@id":"https:\/\/beautifulflowers.com.co\/index.php\/product\/ramos-de-girasoles-y-lirios\/#primaryimage","url":"https:\/\/beautifulflowers.com.co\/wp-content\/uploads\/2024\/10\/14.jpg","contentUrl":"https:\/\/beautifulflowers.com.co\/wp-content\/uploads\/2024\/10\/14.jpg","width":1080,"height":1080,"caption":"ramo girasoles"},{"@type":"BreadcrumbList","@id":"https:\/\/beautifulflowers.com.co\/index.php\/product\/ramos-de-girasoles-y-lirios\/#breadcrumb","itemListElement":[{"@type":"ListItem","position":1,"name":"Inicio","item":"https:\/\/beautifulflowers.com.co\/"},{"@type":"ListItem","position":2,"name":"Tienda","item":"https:\/\/beautifulflowers.com.co\/index.php\/catalogo-de-todos-nuestros-productos\/"},{"@type":"ListItem","position":3,"name":"Ramo de girasoles"}]},{"@type":"WebSite","@id":"https:\/\/beautifulflowers.com.co\/#website","url":"https:\/\/beautifulflowers.com.co\/","name":"","description":"Floristeria Beautiful Flowers","potentialAction":[{"@type":"SearchAction","target":{"@type":"EntryPoint","urlTemplate":"https:\/\/beautifulflowers.com.co\/?s={search_term_string}"},"query-input":{"@type":"PropertyValueSpecification","valueRequired":true,"valueName":"search_term_string"}}],"inLanguage":"es-CO"}]}},"_links":{"self":[{"href":"https:\/\/beautifulflowers.com.co\/index.php\/wp-json\/wp\/v2\/product\/1462","targetHints":{"allow":["GET"]}}],"collection":[{"href":"https:\/\/beautifulflowers.com.co\/index.php\/wp-json\/wp\/v2\/product"}],"about":[{"href":"https:\/\/beautifulflowers.com.co\/index.php\/wp-json\/wp\/v2\/types\/product"}],"replies":[{"embeddable":true,"href":"https:\/\/beautifulflowers.com.co\/index.php\/wp-json\/wp\/v2\/comments?post=1462"}],"wp:featuredmedia":[{"embeddable":true,"href":"https:\/\/beautifulflowers.com.co\/index.php\/wp-json\/wp\/v2\/media\/1463"}],"wp:attachment":[{"href":"https:\/\/beautifulflowers.com.co\/index.php\/wp-json\/wp\/v2\/media?parent=1462"}],"wp:term":[{"taxonomy":"product_brand","embeddable":true,"href":"https:\/\/beautifulflowers.com.co\/index.php\/wp-json\/wp\/v2\/product_brand?post=1462"},{"taxonomy":"product_cat","embeddable":true,"href":"https:\/\/beautifulflowers.com.co\/index.php\/wp-json\/wp\/v2\/product_cat?post=1462"},{"taxonomy":"product_tag","embeddable":true,"href":"https:\/\/beautifulflowers.com.co\/index.php\/wp-json\/wp\/v2\/product_tag?post=1462"}],"curies":[{"name":"wp","href":"https:\/\/api.w.org\/{rel}","templated":true}]}}