{"id":1480,"date":"2024-10-22T22:01:21","date_gmt":"2024-10-22T22:01:21","guid":{"rendered":"https:\/\/beautifulflowers.com.co\/?post_type=product&#038;p=1480"},"modified":"2026-02-04T16:58:52","modified_gmt":"2026-02-04T16:58:52","slug":"caja-corazon-con-rosas-y-girasoles","status":"publish","type":"product","link":"https:\/\/beautifulflowers.com.co\/index.php\/product\/caja-corazon-con-rosas-y-girasoles\/","title":{"rendered":"Caja Corazon con rosas y Girasoles"},"content":{"rendered":"<p>Hermosa caja de coraz\u00f3n con girasoles, rosas y chocolates Ferrero decorado con hermosas mariposas. Tama\u00f1o grande.<\/p>\n","protected":false},"excerpt":{"rendered":"<p>Hermosa caja de coraz\u00f3n con girasoles, rosas y chocolates Ferrero decorado con hermosas mariposas. Tama\u00f1o grande.<\/p>\n","protected":false},"featured_media":1481,"comment_status":"open","ping_status":"closed","template":"","meta":[],"product_brand":[],"product_cat":[15,32,36,39],"product_tag":[46,47,45,49,55,54],"class_list":{"0":"post-1480","1":"product","2":"type-product","3":"status-publish","4":"has-post-thumbnail","6":"product_cat-ocasion","7":"product_cat-categoria-cajas-de-flores","8":"product_cat-corazon","9":"product_cat-girasoles","10":"product_tag-amor","11":"product_tag-aniversario","12":"product_tag-cumpleanos","13":"product_tag-perdon","14":"product_tag-diadelamujer","15":"product_tag-paramama","17":"first","18":"instock","19":"shipping-taxable","20":"purchasable","21":"product-type-simple"},"yoast_head":"<!-- This site is optimized with the Yoast SEO plugin v27.0 - https:\/\/yoast.com\/product\/yoast-seo-wordpress\/ -->\n<title>caja|corazon|girasoles|rosas<\/title>\n<meta name=\"description\" content=\"Hermosa caja de coraz\u00f3n con girasoles, rosas y chocolates Ferrero decorado con hermosas mariposas. Tama\u00f1o grande dise\u00f1o de los mas vendidos.\" \/>\n<meta name=\"robots\" content=\"index, follow, max-snippet:-1, max-image-preview:large, max-video-preview:-1\" \/>\n<link rel=\"canonical\" href=\"https:\/\/beautifulflowers.com.co\/index.php\/product\/caja-corazon-con-rosas-y-girasoles\/\" \/>\n<meta property=\"og:locale\" content=\"es_ES\" \/>\n<meta property=\"og:type\" content=\"article\" \/>\n<meta property=\"og:title\" content=\"caja|corazon|girasoles|rosas\" \/>\n<meta property=\"og:description\" content=\"Hermosa caja de coraz\u00f3n con girasoles, rosas y chocolates Ferrero decorado con hermosas mariposas. Tama\u00f1o grande dise\u00f1o de los mas vendidos.\" \/>\n<meta property=\"og:url\" content=\"https:\/\/beautifulflowers.com.co\/index.php\/product\/caja-corazon-con-rosas-y-girasoles\/\" \/>\n<meta property=\"article:modified_time\" content=\"2026-02-04T16:58:52+00:00\" \/>\n<meta property=\"og:image\" content=\"https:\/\/beautifulflowers.com.co\/wp-content\/uploads\/2024\/10\/27.jpg\" \/>\n\t<meta property=\"og:image:width\" content=\"1080\" \/>\n\t<meta property=\"og:image:height\" content=\"1080\" \/>\n\t<meta property=\"og:image:type\" content=\"image\/jpeg\" \/>\n<meta name=\"twitter:card\" content=\"summary_large_image\" \/>\n<meta name=\"twitter:label1\" content=\"Tiempo de lectura\" \/>\n\t<meta name=\"twitter:data1\" content=\"1 minuto\" \/>\n<script type=\"application\/ld+json\" class=\"yoast-schema-graph\">{\"@context\":\"https:\/\/schema.org\",\"@graph\":[{\"@type\":\"WebPage\",\"@id\":\"https:\/\/beautifulflowers.com.co\/index.php\/product\/caja-corazon-con-rosas-y-girasoles\/\",\"url\":\"https:\/\/beautifulflowers.com.co\/index.php\/product\/caja-corazon-con-rosas-y-girasoles\/\",\"name\":\"caja|corazon|girasoles|rosas\",\"isPartOf\":{\"@id\":\"https:\/\/beautifulflowers.com.co\/#website\"},\"primaryImageOfPage\":{\"@id\":\"https:\/\/beautifulflowers.com.co\/index.php\/product\/caja-corazon-con-rosas-y-girasoles\/#primaryimage\"},\"image\":{\"@id\":\"https:\/\/beautifulflowers.com.co\/index.php\/product\/caja-corazon-con-rosas-y-girasoles\/#primaryimage\"},\"thumbnailUrl\":\"https:\/\/beautifulflowers.com.co\/wp-content\/uploads\/2024\/10\/27.jpg\",\"datePublished\":\"2024-10-22T22:01:21+00:00\",\"dateModified\":\"2026-02-04T16:58:52+00:00\",\"description\":\"Hermosa caja de coraz\u00f3n con girasoles, rosas y chocolates Ferrero decorado con hermosas mariposas. Tama\u00f1o grande dise\u00f1o de los mas vendidos.\",\"breadcrumb\":{\"@id\":\"https:\/\/beautifulflowers.com.co\/index.php\/product\/caja-corazon-con-rosas-y-girasoles\/#breadcrumb\"},\"inLanguage\":\"es-CO\",\"potentialAction\":[{\"@type\":\"ReadAction\",\"target\":[\"https:\/\/beautifulflowers.com.co\/index.php\/product\/caja-corazon-con-rosas-y-girasoles\/\"]}]},{\"@type\":\"ImageObject\",\"inLanguage\":\"es-CO\",\"@id\":\"https:\/\/beautifulflowers.com.co\/index.php\/product\/caja-corazon-con-rosas-y-girasoles\/#primaryimage\",\"url\":\"https:\/\/beautifulflowers.com.co\/wp-content\/uploads\/2024\/10\/27.jpg\",\"contentUrl\":\"https:\/\/beautifulflowers.com.co\/wp-content\/uploads\/2024\/10\/27.jpg\",\"width\":1080,\"height\":1080,\"caption\":\"Caja corazones rosas y girasoles\"},{\"@type\":\"BreadcrumbList\",\"@id\":\"https:\/\/beautifulflowers.com.co\/index.php\/product\/caja-corazon-con-rosas-y-girasoles\/#breadcrumb\",\"itemListElement\":[{\"@type\":\"ListItem\",\"position\":1,\"name\":\"Inicio\",\"item\":\"https:\/\/beautifulflowers.com.co\/\"},{\"@type\":\"ListItem\",\"position\":2,\"name\":\"Tienda\",\"item\":\"https:\/\/beautifulflowers.com.co\/index.php\/catalogo-de-todos-nuestros-productos\/\"},{\"@type\":\"ListItem\",\"position\":3,\"name\":\"Caja Corazon con rosas y Girasoles\"}]},{\"@type\":\"WebSite\",\"@id\":\"https:\/\/beautifulflowers.com.co\/#website\",\"url\":\"https:\/\/beautifulflowers.com.co\/\",\"name\":\"\",\"description\":\"Floristeria Beautiful Flowers\",\"potentialAction\":[{\"@type\":\"SearchAction\",\"target\":{\"@type\":\"EntryPoint\",\"urlTemplate\":\"https:\/\/beautifulflowers.com.co\/?s={search_term_string}\"},\"query-input\":{\"@type\":\"PropertyValueSpecification\",\"valueRequired\":true,\"valueName\":\"search_term_string\"}}],\"inLanguage\":\"es-CO\"}]}<\/script>\n<!-- \/ Yoast SEO plugin. -->","yoast_head_json":{"title":"caja|corazon|girasoles|rosas","description":"Hermosa caja de coraz\u00f3n con girasoles, rosas y chocolates Ferrero decorado con hermosas mariposas. Tama\u00f1o grande dise\u00f1o de los mas vendidos.","robots":{"index":"index","follow":"follow","max-snippet":"max-snippet:-1","max-image-preview":"max-image-preview:large","max-video-preview":"max-video-preview:-1"},"canonical":"https:\/\/beautifulflowers.com.co\/index.php\/product\/caja-corazon-con-rosas-y-girasoles\/","og_locale":"es_ES","og_type":"article","og_title":"caja|corazon|girasoles|rosas","og_description":"Hermosa caja de coraz\u00f3n con girasoles, rosas y chocolates Ferrero decorado con hermosas mariposas. Tama\u00f1o grande dise\u00f1o de los mas vendidos.","og_url":"https:\/\/beautifulflowers.com.co\/index.php\/product\/caja-corazon-con-rosas-y-girasoles\/","article_modified_time":"2026-02-04T16:58:52+00:00","og_image":[{"width":1080,"height":1080,"url":"https:\/\/beautifulflowers.com.co\/wp-content\/uploads\/2024\/10\/27.jpg","type":"image\/jpeg"}],"twitter_card":"summary_large_image","twitter_misc":{"Tiempo de lectura":"1 minuto"},"schema":{"@context":"https:\/\/schema.org","@graph":[{"@type":"WebPage","@id":"https:\/\/beautifulflowers.com.co\/index.php\/product\/caja-corazon-con-rosas-y-girasoles\/","url":"https:\/\/beautifulflowers.com.co\/index.php\/product\/caja-corazon-con-rosas-y-girasoles\/","name":"caja|corazon|girasoles|rosas","isPartOf":{"@id":"https:\/\/beautifulflowers.com.co\/#website"},"primaryImageOfPage":{"@id":"https:\/\/beautifulflowers.com.co\/index.php\/product\/caja-corazon-con-rosas-y-girasoles\/#primaryimage"},"image":{"@id":"https:\/\/beautifulflowers.com.co\/index.php\/product\/caja-corazon-con-rosas-y-girasoles\/#primaryimage"},"thumbnailUrl":"https:\/\/beautifulflowers.com.co\/wp-content\/uploads\/2024\/10\/27.jpg","datePublished":"2024-10-22T22:01:21+00:00","dateModified":"2026-02-04T16:58:52+00:00","description":"Hermosa caja de coraz\u00f3n con girasoles, rosas y chocolates Ferrero decorado con hermosas mariposas. Tama\u00f1o grande dise\u00f1o de los mas vendidos.","breadcrumb":{"@id":"https:\/\/beautifulflowers.com.co\/index.php\/product\/caja-corazon-con-rosas-y-girasoles\/#breadcrumb"},"inLanguage":"es-CO","potentialAction":[{"@type":"ReadAction","target":["https:\/\/beautifulflowers.com.co\/index.php\/product\/caja-corazon-con-rosas-y-girasoles\/"]}]},{"@type":"ImageObject","inLanguage":"es-CO","@id":"https:\/\/beautifulflowers.com.co\/index.php\/product\/caja-corazon-con-rosas-y-girasoles\/#primaryimage","url":"https:\/\/beautifulflowers.com.co\/wp-content\/uploads\/2024\/10\/27.jpg","contentUrl":"https:\/\/beautifulflowers.com.co\/wp-content\/uploads\/2024\/10\/27.jpg","width":1080,"height":1080,"caption":"Caja corazones rosas y girasoles"},{"@type":"BreadcrumbList","@id":"https:\/\/beautifulflowers.com.co\/index.php\/product\/caja-corazon-con-rosas-y-girasoles\/#breadcrumb","itemListElement":[{"@type":"ListItem","position":1,"name":"Inicio","item":"https:\/\/beautifulflowers.com.co\/"},{"@type":"ListItem","position":2,"name":"Tienda","item":"https:\/\/beautifulflowers.com.co\/index.php\/catalogo-de-todos-nuestros-productos\/"},{"@type":"ListItem","position":3,"name":"Caja Corazon con rosas y Girasoles"}]},{"@type":"WebSite","@id":"https:\/\/beautifulflowers.com.co\/#website","url":"https:\/\/beautifulflowers.com.co\/","name":"","description":"Floristeria Beautiful Flowers","potentialAction":[{"@type":"SearchAction","target":{"@type":"EntryPoint","urlTemplate":"https:\/\/beautifulflowers.com.co\/?s={search_term_string}"},"query-input":{"@type":"PropertyValueSpecification","valueRequired":true,"valueName":"search_term_string"}}],"inLanguage":"es-CO"}]}},"_links":{"self":[{"href":"https:\/\/beautifulflowers.com.co\/index.php\/wp-json\/wp\/v2\/product\/1480","targetHints":{"allow":["GET"]}}],"collection":[{"href":"https:\/\/beautifulflowers.com.co\/index.php\/wp-json\/wp\/v2\/product"}],"about":[{"href":"https:\/\/beautifulflowers.com.co\/index.php\/wp-json\/wp\/v2\/types\/product"}],"replies":[{"embeddable":true,"href":"https:\/\/beautifulflowers.com.co\/index.php\/wp-json\/wp\/v2\/comments?post=1480"}],"wp:featuredmedia":[{"embeddable":true,"href":"https:\/\/beautifulflowers.com.co\/index.php\/wp-json\/wp\/v2\/media\/1481"}],"wp:attachment":[{"href":"https:\/\/beautifulflowers.com.co\/index.php\/wp-json\/wp\/v2\/media?parent=1480"}],"wp:term":[{"taxonomy":"product_brand","embeddable":true,"href":"https:\/\/beautifulflowers.com.co\/index.php\/wp-json\/wp\/v2\/product_brand?post=1480"},{"taxonomy":"product_cat","embeddable":true,"href":"https:\/\/beautifulflowers.com.co\/index.php\/wp-json\/wp\/v2\/product_cat?post=1480"},{"taxonomy":"product_tag","embeddable":true,"href":"https:\/\/beautifulflowers.com.co\/index.php\/wp-json\/wp\/v2\/product_tag?post=1480"}],"curies":[{"name":"wp","href":"https:\/\/api.w.org\/{rel}","templated":true}]}}