{"id":1570,"date":"2025-02-01T23:28:27","date_gmt":"2025-02-01T23:28:27","guid":{"rendered":"https:\/\/beautifulflowers.com.co\/?post_type=product&#038;p=1570"},"modified":"2026-02-04T16:59:29","modified_gmt":"2026-02-04T16:59:29","slug":"ramo-suenos-de-colores","status":"publish","type":"product","link":"https:\/\/beautifulflowers.com.co\/index.php\/product\/ramo-suenos-de-colores\/","title":{"rendered":"Sue\u00f1os de Colores"},"content":{"rendered":"<p>El <strong>ramo &#8220;Sue\u00f1os de Colores&#8221;<\/strong> es una explosi\u00f3n de alegr\u00eda y ternura, con una mezcla de <strong>flores vibrantes y gypsophila<\/strong> en tonos delicados. Su belleza et\u00e9rea lo hace perfecto para regalar en cualquier ocasi\u00f3n especial o simplemente para iluminar el d\u00eda de alguien. \u2728<\/p>\n<p>\ud83c\udf38 <strong>Haz tu pedido hoy y regala un arco\u00edris de emociones.<\/strong> \ud83d\udc96<\/p>\n","protected":false},"excerpt":{"rendered":"<p>El <strong>ramo &#8220;Sue\u00f1os de Colores&#8221;<\/strong> es una explosi\u00f3n de alegr\u00eda y ternura, con una mezcla de <strong>flores vibrantes y gypsophila<\/strong> en tonos delicados. Su belleza et\u00e9rea lo hace perfecto para regalar en cualquier ocasi\u00f3n especial o simplemente para iluminar el d\u00eda de alguien. \u2728<\/p>\n<p>\ud83c\udf38 <strong>Haz tu pedido hoy y regala un arco\u00edris de emociones.<\/strong> \ud83d\udc96<\/p>\n<p>&nbsp;<\/p>\n","protected":false},"featured_media":1571,"comment_status":"open","ping_status":"closed","template":"","meta":[],"product_brand":[],"product_cat":[15,32,37],"product_tag":[46,47,45,49,55,54],"class_list":{"0":"post-1570","1":"product","2":"type-product","3":"status-publish","4":"has-post-thumbnail","6":"product_cat-ocasion","7":"product_cat-categoria-cajas-de-flores","8":"product_cat-cilindros","9":"product_tag-amor","10":"product_tag-aniversario","11":"product_tag-cumpleanos","12":"product_tag-perdon","13":"product_tag-diadelamujer","14":"product_tag-paramama","16":"first","17":"instock","18":"shipping-taxable","19":"purchasable","20":"product-type-simple"},"yoast_head":"<!-- This site is optimized with the Yoast SEO plugin v27.0 - https:\/\/yoast.com\/product\/yoast-seo-wordpress\/ -->\n<title>Balde|flores|colores|<\/title>\n<meta name=\"description\" content=\"El ramo &quot;Sue\u00f1os de Colores&quot; es una explosi\u00f3n de alegr\u00eda y ternura, con una mezcla de flores vibrantes y gypsophila en tonos delicados.\" \/>\n<meta name=\"robots\" content=\"index, follow, max-snippet:-1, max-image-preview:large, max-video-preview:-1\" \/>\n<link rel=\"canonical\" href=\"https:\/\/beautifulflowers.com.co\/index.php\/product\/ramo-suenos-de-colores\/\" \/>\n<meta property=\"og:locale\" content=\"es_ES\" \/>\n<meta property=\"og:type\" content=\"article\" \/>\n<meta property=\"og:title\" content=\"Balde|flores|colores|\" \/>\n<meta property=\"og:description\" content=\"El ramo &quot;Sue\u00f1os de Colores&quot; es una explosi\u00f3n de alegr\u00eda y ternura, con una mezcla de flores vibrantes y gypsophila en tonos delicados.\" \/>\n<meta property=\"og:url\" content=\"https:\/\/beautifulflowers.com.co\/index.php\/product\/ramo-suenos-de-colores\/\" \/>\n<meta property=\"article:modified_time\" content=\"2026-02-04T16:59:29+00:00\" \/>\n<meta property=\"og:image\" content=\"https:\/\/beautifulflowers.com.co\/wp-content\/uploads\/2025\/02\/12.png\" \/>\n\t<meta property=\"og:image:width\" content=\"1080\" \/>\n\t<meta property=\"og:image:height\" content=\"1080\" \/>\n\t<meta property=\"og:image:type\" content=\"image\/png\" \/>\n<meta name=\"twitter:card\" content=\"summary_large_image\" \/>\n<meta name=\"twitter:label1\" content=\"Tiempo de lectura\" \/>\n\t<meta name=\"twitter:data1\" content=\"1 minuto\" \/>\n<script type=\"application\/ld+json\" class=\"yoast-schema-graph\">{\"@context\":\"https:\/\/schema.org\",\"@graph\":[{\"@type\":\"WebPage\",\"@id\":\"https:\/\/beautifulflowers.com.co\/index.php\/product\/ramo-suenos-de-colores\/\",\"url\":\"https:\/\/beautifulflowers.com.co\/index.php\/product\/ramo-suenos-de-colores\/\",\"name\":\"Balde|flores|colores|\",\"isPartOf\":{\"@id\":\"https:\/\/beautifulflowers.com.co\/#website\"},\"primaryImageOfPage\":{\"@id\":\"https:\/\/beautifulflowers.com.co\/index.php\/product\/ramo-suenos-de-colores\/#primaryimage\"},\"image\":{\"@id\":\"https:\/\/beautifulflowers.com.co\/index.php\/product\/ramo-suenos-de-colores\/#primaryimage\"},\"thumbnailUrl\":\"https:\/\/beautifulflowers.com.co\/wp-content\/uploads\/2025\/02\/12.png\",\"datePublished\":\"2025-02-01T23:28:27+00:00\",\"dateModified\":\"2026-02-04T16:59:29+00:00\",\"description\":\"El ramo \\\"Sue\u00f1os de Colores\\\" es una explosi\u00f3n de alegr\u00eda y ternura, con una mezcla de flores vibrantes y gypsophila en tonos delicados.\",\"breadcrumb\":{\"@id\":\"https:\/\/beautifulflowers.com.co\/index.php\/product\/ramo-suenos-de-colores\/#breadcrumb\"},\"inLanguage\":\"es-CO\",\"potentialAction\":[{\"@type\":\"ReadAction\",\"target\":[\"https:\/\/beautifulflowers.com.co\/index.php\/product\/ramo-suenos-de-colores\/\"]}]},{\"@type\":\"ImageObject\",\"inLanguage\":\"es-CO\",\"@id\":\"https:\/\/beautifulflowers.com.co\/index.php\/product\/ramo-suenos-de-colores\/#primaryimage\",\"url\":\"https:\/\/beautifulflowers.com.co\/wp-content\/uploads\/2025\/02\/12.png\",\"contentUrl\":\"https:\/\/beautifulflowers.com.co\/wp-content\/uploads\/2025\/02\/12.png\",\"width\":1080,\"height\":1080,\"caption\":\"flores de colores\"},{\"@type\":\"BreadcrumbList\",\"@id\":\"https:\/\/beautifulflowers.com.co\/index.php\/product\/ramo-suenos-de-colores\/#breadcrumb\",\"itemListElement\":[{\"@type\":\"ListItem\",\"position\":1,\"name\":\"Inicio\",\"item\":\"https:\/\/beautifulflowers.com.co\/\"},{\"@type\":\"ListItem\",\"position\":2,\"name\":\"Tienda\",\"item\":\"https:\/\/beautifulflowers.com.co\/index.php\/catalogo-de-todos-nuestros-productos\/\"},{\"@type\":\"ListItem\",\"position\":3,\"name\":\"Sue\u00f1os de Colores\"}]},{\"@type\":\"WebSite\",\"@id\":\"https:\/\/beautifulflowers.com.co\/#website\",\"url\":\"https:\/\/beautifulflowers.com.co\/\",\"name\":\"\",\"description\":\"Floristeria Beautiful Flowers\",\"potentialAction\":[{\"@type\":\"SearchAction\",\"target\":{\"@type\":\"EntryPoint\",\"urlTemplate\":\"https:\/\/beautifulflowers.com.co\/?s={search_term_string}\"},\"query-input\":{\"@type\":\"PropertyValueSpecification\",\"valueRequired\":true,\"valueName\":\"search_term_string\"}}],\"inLanguage\":\"es-CO\"}]}<\/script>\n<!-- \/ Yoast SEO plugin. -->","yoast_head_json":{"title":"Balde|flores|colores|","description":"El ramo \"Sue\u00f1os de Colores\" es una explosi\u00f3n de alegr\u00eda y ternura, con una mezcla de flores vibrantes y gypsophila en tonos delicados.","robots":{"index":"index","follow":"follow","max-snippet":"max-snippet:-1","max-image-preview":"max-image-preview:large","max-video-preview":"max-video-preview:-1"},"canonical":"https:\/\/beautifulflowers.com.co\/index.php\/product\/ramo-suenos-de-colores\/","og_locale":"es_ES","og_type":"article","og_title":"Balde|flores|colores|","og_description":"El ramo \"Sue\u00f1os de Colores\" es una explosi\u00f3n de alegr\u00eda y ternura, con una mezcla de flores vibrantes y gypsophila en tonos delicados.","og_url":"https:\/\/beautifulflowers.com.co\/index.php\/product\/ramo-suenos-de-colores\/","article_modified_time":"2026-02-04T16:59:29+00:00","og_image":[{"width":1080,"height":1080,"url":"https:\/\/beautifulflowers.com.co\/wp-content\/uploads\/2025\/02\/12.png","type":"image\/png"}],"twitter_card":"summary_large_image","twitter_misc":{"Tiempo de lectura":"1 minuto"},"schema":{"@context":"https:\/\/schema.org","@graph":[{"@type":"WebPage","@id":"https:\/\/beautifulflowers.com.co\/index.php\/product\/ramo-suenos-de-colores\/","url":"https:\/\/beautifulflowers.com.co\/index.php\/product\/ramo-suenos-de-colores\/","name":"Balde|flores|colores|","isPartOf":{"@id":"https:\/\/beautifulflowers.com.co\/#website"},"primaryImageOfPage":{"@id":"https:\/\/beautifulflowers.com.co\/index.php\/product\/ramo-suenos-de-colores\/#primaryimage"},"image":{"@id":"https:\/\/beautifulflowers.com.co\/index.php\/product\/ramo-suenos-de-colores\/#primaryimage"},"thumbnailUrl":"https:\/\/beautifulflowers.com.co\/wp-content\/uploads\/2025\/02\/12.png","datePublished":"2025-02-01T23:28:27+00:00","dateModified":"2026-02-04T16:59:29+00:00","description":"El ramo \"Sue\u00f1os de Colores\" es una explosi\u00f3n de alegr\u00eda y ternura, con una mezcla de flores vibrantes y gypsophila en tonos delicados.","breadcrumb":{"@id":"https:\/\/beautifulflowers.com.co\/index.php\/product\/ramo-suenos-de-colores\/#breadcrumb"},"inLanguage":"es-CO","potentialAction":[{"@type":"ReadAction","target":["https:\/\/beautifulflowers.com.co\/index.php\/product\/ramo-suenos-de-colores\/"]}]},{"@type":"ImageObject","inLanguage":"es-CO","@id":"https:\/\/beautifulflowers.com.co\/index.php\/product\/ramo-suenos-de-colores\/#primaryimage","url":"https:\/\/beautifulflowers.com.co\/wp-content\/uploads\/2025\/02\/12.png","contentUrl":"https:\/\/beautifulflowers.com.co\/wp-content\/uploads\/2025\/02\/12.png","width":1080,"height":1080,"caption":"flores de colores"},{"@type":"BreadcrumbList","@id":"https:\/\/beautifulflowers.com.co\/index.php\/product\/ramo-suenos-de-colores\/#breadcrumb","itemListElement":[{"@type":"ListItem","position":1,"name":"Inicio","item":"https:\/\/beautifulflowers.com.co\/"},{"@type":"ListItem","position":2,"name":"Tienda","item":"https:\/\/beautifulflowers.com.co\/index.php\/catalogo-de-todos-nuestros-productos\/"},{"@type":"ListItem","position":3,"name":"Sue\u00f1os de Colores"}]},{"@type":"WebSite","@id":"https:\/\/beautifulflowers.com.co\/#website","url":"https:\/\/beautifulflowers.com.co\/","name":"","description":"Floristeria Beautiful Flowers","potentialAction":[{"@type":"SearchAction","target":{"@type":"EntryPoint","urlTemplate":"https:\/\/beautifulflowers.com.co\/?s={search_term_string}"},"query-input":{"@type":"PropertyValueSpecification","valueRequired":true,"valueName":"search_term_string"}}],"inLanguage":"es-CO"}]}},"_links":{"self":[{"href":"https:\/\/beautifulflowers.com.co\/index.php\/wp-json\/wp\/v2\/product\/1570","targetHints":{"allow":["GET"]}}],"collection":[{"href":"https:\/\/beautifulflowers.com.co\/index.php\/wp-json\/wp\/v2\/product"}],"about":[{"href":"https:\/\/beautifulflowers.com.co\/index.php\/wp-json\/wp\/v2\/types\/product"}],"replies":[{"embeddable":true,"href":"https:\/\/beautifulflowers.com.co\/index.php\/wp-json\/wp\/v2\/comments?post=1570"}],"wp:featuredmedia":[{"embeddable":true,"href":"https:\/\/beautifulflowers.com.co\/index.php\/wp-json\/wp\/v2\/media\/1571"}],"wp:attachment":[{"href":"https:\/\/beautifulflowers.com.co\/index.php\/wp-json\/wp\/v2\/media?parent=1570"}],"wp:term":[{"taxonomy":"product_brand","embeddable":true,"href":"https:\/\/beautifulflowers.com.co\/index.php\/wp-json\/wp\/v2\/product_brand?post=1570"},{"taxonomy":"product_cat","embeddable":true,"href":"https:\/\/beautifulflowers.com.co\/index.php\/wp-json\/wp\/v2\/product_cat?post=1570"},{"taxonomy":"product_tag","embeddable":true,"href":"https:\/\/beautifulflowers.com.co\/index.php\/wp-json\/wp\/v2\/product_tag?post=1570"}],"curies":[{"name":"wp","href":"https:\/\/api.w.org\/{rel}","templated":true}]}}