{"id":1584,"date":"2025-02-07T17:42:10","date_gmt":"2025-02-07T17:42:10","guid":{"rendered":"https:\/\/beautifulflowers.com.co\/?post_type=product&#038;p=1584"},"modified":"2026-02-04T16:59:29","modified_gmt":"2026-02-04T16:59:29","slug":"bouquet-brillo-dorado","status":"publish","type":"product","link":"https:\/\/beautifulflowers.com.co\/index.php\/product\/bouquet-brillo-dorado\/","title":{"rendered":"Bouquet Brillo Dorado"},"content":{"rendered":"<p>Ilumina cualquier ocasi\u00f3n con el <strong>Bouquet &#8220;Brillo Dorado&#8221;<\/strong>, una elegante combinaci\u00f3n de <strong>rosas y lirios<\/strong> en c\u00e1lidos tonos <strong>amarillos y naranjas<\/strong>, simbolizando alegr\u00eda, energ\u00eda y prosperidad. Este bouquet destaca por su frescura y dise\u00f1o armonioso, perfecto para sorprender a alguien especial.<\/p>\n<p>\ud83d\udc90 <strong>Flores principales:<\/strong><br \/>\n\u2714 <strong>Rosas amarillas y naranjas<\/strong> \u2013 Amor, gratitud y entusiasmo<br \/>\n\u2714 <strong>Lirios<\/strong> \u2013 Pureza y sofisticaci\u00f3n<br \/>\n\u2714 <strong>Follaje fresco<\/strong> para un acabado elegante<\/p>\n<p>\u2728 <strong>Perfecto para:<\/strong><br \/>\n\ud83c\udf89 Cumplea\u00f1os y aniversarios<br \/>\n\ud83d\udc9b Expresar cari\u00f1o y buenos deseos<br \/>\n\ud83c\udfe1 Decoraci\u00f3n con un toque vibrante<\/p>\n<p>\ud83d\udccd <strong>Entrega a domicilio en Villavicencio<\/strong>. \u00a1Ordena ahora y haz un regalo inolvidable!<\/p>\n","protected":false},"excerpt":{"rendered":"<p>Ilumina cualquier ocasi\u00f3n con el <strong>Bouquet &#8220;Brillo Dorado&#8221;<\/strong>, una elegante combinaci\u00f3n de <strong>rosas y lirios<\/strong> en c\u00e1lidos tonos <strong>amarillos y naranjas<\/strong>, simbolizando alegr\u00eda, energ\u00eda y prosperidad. Este bouquet destaca por su frescura y dise\u00f1o armonioso, perfecto para sorprender a alguien especial.<\/p>\n<p>&nbsp;<\/p>\n","protected":false},"featured_media":1585,"comment_status":"open","ping_status":"closed","template":"","meta":[],"product_brand":[],"product_cat":[15,33],"product_tag":[46,47,45,49,55,54],"class_list":{"0":"post-1584","1":"product","2":"type-product","3":"status-publish","4":"has-post-thumbnail","6":"product_cat-ocasion","7":"product_cat-categoria-ramos-de-mano","8":"product_tag-amor","9":"product_tag-aniversario","10":"product_tag-cumpleanos","11":"product_tag-perdon","12":"product_tag-diadelamujer","13":"product_tag-paramama","15":"first","16":"instock","17":"shipping-taxable","18":"purchasable","19":"product-type-simple"},"yoast_head":"<!-- This site is optimized with the Yoast SEO plugin v27.0 - https:\/\/yoast.com\/product\/yoast-seo-wordpress\/ -->\n<title>Bouque|flores|colores|<\/title>\n<meta name=\"description\" content=\"El ramo &quot;Sue\u00f1os de Colores&quot; es una explosi\u00f3n de alegr\u00eda y ternura, con una mezcla de flores vibrantes y gypsophila en tonos delicados.\" \/>\n<meta name=\"robots\" content=\"index, follow, max-snippet:-1, max-image-preview:large, max-video-preview:-1\" \/>\n<link rel=\"canonical\" href=\"https:\/\/beautifulflowers.com.co\/index.php\/product\/bouquet-brillo-dorado\/\" \/>\n<meta property=\"og:locale\" content=\"es_ES\" \/>\n<meta property=\"og:type\" content=\"article\" \/>\n<meta property=\"og:title\" content=\"Bouque|flores|colores|\" \/>\n<meta property=\"og:description\" content=\"El ramo &quot;Sue\u00f1os de Colores&quot; es una explosi\u00f3n de alegr\u00eda y ternura, con una mezcla de flores vibrantes y gypsophila en tonos delicados.\" \/>\n<meta property=\"og:url\" content=\"https:\/\/beautifulflowers.com.co\/index.php\/product\/bouquet-brillo-dorado\/\" \/>\n<meta property=\"article:modified_time\" content=\"2026-02-04T16:59:29+00:00\" \/>\n<meta property=\"og:image\" content=\"https:\/\/beautifulflowers.com.co\/wp-content\/uploads\/2025\/02\/2.png\" \/>\n\t<meta property=\"og:image:width\" content=\"1080\" \/>\n\t<meta property=\"og:image:height\" content=\"1080\" \/>\n\t<meta property=\"og:image:type\" content=\"image\/png\" \/>\n<meta name=\"twitter:card\" content=\"summary_large_image\" \/>\n<meta name=\"twitter:label1\" content=\"Tiempo de lectura\" \/>\n\t<meta name=\"twitter:data1\" content=\"1 minuto\" \/>\n<script type=\"application\/ld+json\" class=\"yoast-schema-graph\">{\"@context\":\"https:\/\/schema.org\",\"@graph\":[{\"@type\":\"WebPage\",\"@id\":\"https:\/\/beautifulflowers.com.co\/index.php\/product\/bouquet-brillo-dorado\/\",\"url\":\"https:\/\/beautifulflowers.com.co\/index.php\/product\/bouquet-brillo-dorado\/\",\"name\":\"Bouque|flores|colores|\",\"isPartOf\":{\"@id\":\"https:\/\/beautifulflowers.com.co\/#website\"},\"primaryImageOfPage\":{\"@id\":\"https:\/\/beautifulflowers.com.co\/index.php\/product\/bouquet-brillo-dorado\/#primaryimage\"},\"image\":{\"@id\":\"https:\/\/beautifulflowers.com.co\/index.php\/product\/bouquet-brillo-dorado\/#primaryimage\"},\"thumbnailUrl\":\"https:\/\/beautifulflowers.com.co\/wp-content\/uploads\/2025\/02\/2.png\",\"datePublished\":\"2025-02-07T17:42:10+00:00\",\"dateModified\":\"2026-02-04T16:59:29+00:00\",\"description\":\"El ramo \\\"Sue\u00f1os de Colores\\\" es una explosi\u00f3n de alegr\u00eda y ternura, con una mezcla de flores vibrantes y gypsophila en tonos delicados.\",\"breadcrumb\":{\"@id\":\"https:\/\/beautifulflowers.com.co\/index.php\/product\/bouquet-brillo-dorado\/#breadcrumb\"},\"inLanguage\":\"es-CO\",\"potentialAction\":[{\"@type\":\"ReadAction\",\"target\":[\"https:\/\/beautifulflowers.com.co\/index.php\/product\/bouquet-brillo-dorado\/\"]}]},{\"@type\":\"ImageObject\",\"inLanguage\":\"es-CO\",\"@id\":\"https:\/\/beautifulflowers.com.co\/index.php\/product\/bouquet-brillo-dorado\/#primaryimage\",\"url\":\"https:\/\/beautifulflowers.com.co\/wp-content\/uploads\/2025\/02\/2.png\",\"contentUrl\":\"https:\/\/beautifulflowers.com.co\/wp-content\/uploads\/2025\/02\/2.png\",\"width\":1080,\"height\":1080},{\"@type\":\"BreadcrumbList\",\"@id\":\"https:\/\/beautifulflowers.com.co\/index.php\/product\/bouquet-brillo-dorado\/#breadcrumb\",\"itemListElement\":[{\"@type\":\"ListItem\",\"position\":1,\"name\":\"Inicio\",\"item\":\"https:\/\/beautifulflowers.com.co\/\"},{\"@type\":\"ListItem\",\"position\":2,\"name\":\"Tienda\",\"item\":\"https:\/\/beautifulflowers.com.co\/index.php\/catalogo-de-todos-nuestros-productos\/\"},{\"@type\":\"ListItem\",\"position\":3,\"name\":\"Bouquet Brillo Dorado\"}]},{\"@type\":\"WebSite\",\"@id\":\"https:\/\/beautifulflowers.com.co\/#website\",\"url\":\"https:\/\/beautifulflowers.com.co\/\",\"name\":\"\",\"description\":\"Floristeria Beautiful Flowers\",\"potentialAction\":[{\"@type\":\"SearchAction\",\"target\":{\"@type\":\"EntryPoint\",\"urlTemplate\":\"https:\/\/beautifulflowers.com.co\/?s={search_term_string}\"},\"query-input\":{\"@type\":\"PropertyValueSpecification\",\"valueRequired\":true,\"valueName\":\"search_term_string\"}}],\"inLanguage\":\"es-CO\"}]}<\/script>\n<!-- \/ Yoast SEO plugin. -->","yoast_head_json":{"title":"Bouque|flores|colores|","description":"El ramo \"Sue\u00f1os de Colores\" es una explosi\u00f3n de alegr\u00eda y ternura, con una mezcla de flores vibrantes y gypsophila en tonos delicados.","robots":{"index":"index","follow":"follow","max-snippet":"max-snippet:-1","max-image-preview":"max-image-preview:large","max-video-preview":"max-video-preview:-1"},"canonical":"https:\/\/beautifulflowers.com.co\/index.php\/product\/bouquet-brillo-dorado\/","og_locale":"es_ES","og_type":"article","og_title":"Bouque|flores|colores|","og_description":"El ramo \"Sue\u00f1os de Colores\" es una explosi\u00f3n de alegr\u00eda y ternura, con una mezcla de flores vibrantes y gypsophila en tonos delicados.","og_url":"https:\/\/beautifulflowers.com.co\/index.php\/product\/bouquet-brillo-dorado\/","article_modified_time":"2026-02-04T16:59:29+00:00","og_image":[{"width":1080,"height":1080,"url":"https:\/\/beautifulflowers.com.co\/wp-content\/uploads\/2025\/02\/2.png","type":"image\/png"}],"twitter_card":"summary_large_image","twitter_misc":{"Tiempo de lectura":"1 minuto"},"schema":{"@context":"https:\/\/schema.org","@graph":[{"@type":"WebPage","@id":"https:\/\/beautifulflowers.com.co\/index.php\/product\/bouquet-brillo-dorado\/","url":"https:\/\/beautifulflowers.com.co\/index.php\/product\/bouquet-brillo-dorado\/","name":"Bouque|flores|colores|","isPartOf":{"@id":"https:\/\/beautifulflowers.com.co\/#website"},"primaryImageOfPage":{"@id":"https:\/\/beautifulflowers.com.co\/index.php\/product\/bouquet-brillo-dorado\/#primaryimage"},"image":{"@id":"https:\/\/beautifulflowers.com.co\/index.php\/product\/bouquet-brillo-dorado\/#primaryimage"},"thumbnailUrl":"https:\/\/beautifulflowers.com.co\/wp-content\/uploads\/2025\/02\/2.png","datePublished":"2025-02-07T17:42:10+00:00","dateModified":"2026-02-04T16:59:29+00:00","description":"El ramo \"Sue\u00f1os de Colores\" es una explosi\u00f3n de alegr\u00eda y ternura, con una mezcla de flores vibrantes y gypsophila en tonos delicados.","breadcrumb":{"@id":"https:\/\/beautifulflowers.com.co\/index.php\/product\/bouquet-brillo-dorado\/#breadcrumb"},"inLanguage":"es-CO","potentialAction":[{"@type":"ReadAction","target":["https:\/\/beautifulflowers.com.co\/index.php\/product\/bouquet-brillo-dorado\/"]}]},{"@type":"ImageObject","inLanguage":"es-CO","@id":"https:\/\/beautifulflowers.com.co\/index.php\/product\/bouquet-brillo-dorado\/#primaryimage","url":"https:\/\/beautifulflowers.com.co\/wp-content\/uploads\/2025\/02\/2.png","contentUrl":"https:\/\/beautifulflowers.com.co\/wp-content\/uploads\/2025\/02\/2.png","width":1080,"height":1080},{"@type":"BreadcrumbList","@id":"https:\/\/beautifulflowers.com.co\/index.php\/product\/bouquet-brillo-dorado\/#breadcrumb","itemListElement":[{"@type":"ListItem","position":1,"name":"Inicio","item":"https:\/\/beautifulflowers.com.co\/"},{"@type":"ListItem","position":2,"name":"Tienda","item":"https:\/\/beautifulflowers.com.co\/index.php\/catalogo-de-todos-nuestros-productos\/"},{"@type":"ListItem","position":3,"name":"Bouquet Brillo Dorado"}]},{"@type":"WebSite","@id":"https:\/\/beautifulflowers.com.co\/#website","url":"https:\/\/beautifulflowers.com.co\/","name":"","description":"Floristeria Beautiful Flowers","potentialAction":[{"@type":"SearchAction","target":{"@type":"EntryPoint","urlTemplate":"https:\/\/beautifulflowers.com.co\/?s={search_term_string}"},"query-input":{"@type":"PropertyValueSpecification","valueRequired":true,"valueName":"search_term_string"}}],"inLanguage":"es-CO"}]}},"_links":{"self":[{"href":"https:\/\/beautifulflowers.com.co\/index.php\/wp-json\/wp\/v2\/product\/1584","targetHints":{"allow":["GET"]}}],"collection":[{"href":"https:\/\/beautifulflowers.com.co\/index.php\/wp-json\/wp\/v2\/product"}],"about":[{"href":"https:\/\/beautifulflowers.com.co\/index.php\/wp-json\/wp\/v2\/types\/product"}],"replies":[{"embeddable":true,"href":"https:\/\/beautifulflowers.com.co\/index.php\/wp-json\/wp\/v2\/comments?post=1584"}],"wp:featuredmedia":[{"embeddable":true,"href":"https:\/\/beautifulflowers.com.co\/index.php\/wp-json\/wp\/v2\/media\/1585"}],"wp:attachment":[{"href":"https:\/\/beautifulflowers.com.co\/index.php\/wp-json\/wp\/v2\/media?parent=1584"}],"wp:term":[{"taxonomy":"product_brand","embeddable":true,"href":"https:\/\/beautifulflowers.com.co\/index.php\/wp-json\/wp\/v2\/product_brand?post=1584"},{"taxonomy":"product_cat","embeddable":true,"href":"https:\/\/beautifulflowers.com.co\/index.php\/wp-json\/wp\/v2\/product_cat?post=1584"},{"taxonomy":"product_tag","embeddable":true,"href":"https:\/\/beautifulflowers.com.co\/index.php\/wp-json\/wp\/v2\/product_tag?post=1584"}],"curies":[{"name":"wp","href":"https:\/\/api.w.org\/{rel}","templated":true}]}}