{"id":1590,"date":"2025-02-07T18:41:28","date_gmt":"2025-02-07T18:41:28","guid":{"rendered":"https:\/\/beautifulflowers.com.co\/?post_type=product&#038;p=1590"},"modified":"2026-02-04T16:59:29","modified_gmt":"2026-02-04T16:59:29","slug":"flores-en-caja","status":"publish","type":"product","link":"https:\/\/beautifulflowers.com.co\/index.php\/product\/flores-en-caja\/","title":{"rendered":"Encanto Ex\u00f3tico  Flores hermosas"},"content":{"rendered":"<p>Sum\u00e9rgete en la belleza \u00fanica del <strong>Ramo &#8220;Encanto Ex\u00f3tico&#8221;<\/strong>, una deslumbrante composici\u00f3n de <strong>flores ex\u00f3ticas<\/strong> en tonos <strong>vino, naranja, rosado y salm\u00f3n (los tonos pueden cambiar seg\u00fan disponibilidad)<\/strong>. Su dise\u00f1o en <strong>base redonda<\/strong> resalta la armon\u00eda y elegancia de cada flor, creando un arreglo impactante y sofisticado.<\/p>\n<p>\u2728 <strong>Ideal para:<\/strong><br \/>\n\ud83c\udf81 Regalos elegantes y exclusivos<br \/>\n\ud83d\udc96 Sorprender en ocasiones especiales<br \/>\n\ud83c\udfe1 Decorar con un toque moderno y sofisticado<\/p>\n<p>\ud83d\udccd <strong>Entrega a domicilio en Villavicencio<\/strong>. \u00a1Ordena ahora y deslumbra con este espectacular.<\/p>\n<p>&nbsp;<\/p>\n","protected":false},"excerpt":{"rendered":"<p>Sum\u00e9rgete en la belleza \u00fanica del <strong>Ramo &#8220;Encanto Ex\u00f3tico&#8221;<\/strong>, una deslumbrante composici\u00f3n de <strong>flores ex\u00f3ticas<\/strong> en tonos <strong>vino, naranja, rosado y salm\u00f3n<\/strong>. Su dise\u00f1o en <strong>base redonda<\/strong> resalta la armon\u00eda y elegancia de cada flor, creando un arreglo impactante y sofisticado.<\/p>\n<p>&nbsp;<\/p>\n","protected":false},"featured_media":1591,"comment_status":"open","ping_status":"closed","template":"","meta":[],"product_brand":[],"product_cat":[15,32,37],"product_tag":[46,47,45,49,55,54],"class_list":{"0":"post-1590","1":"product","2":"type-product","3":"status-publish","4":"has-post-thumbnail","6":"product_cat-ocasion","7":"product_cat-categoria-cajas-de-flores","8":"product_cat-cilindros","9":"product_tag-amor","10":"product_tag-aniversario","11":"product_tag-cumpleanos","12":"product_tag-perdon","13":"product_tag-diadelamujer","14":"product_tag-paramama","16":"first","17":"instock","18":"shipping-taxable","19":"purchasable","20":"product-type-simple"},"yoast_head":"<!-- This site is optimized with the Yoast SEO plugin v27.0 - https:\/\/yoast.com\/product\/yoast-seo-wordpress\/ -->\n<title>Ramo|flores|tonos|vinos|<\/title>\n<meta name=\"description\" content=\"Sum\u00e9rgete en la belleza \u00fanica del Ramo &quot;Encanto Ex\u00f3tico&quot;, una deslumbrante composici\u00f3n de flores ex\u00f3ticas en tonos vino, naranja, rosado y salm\u00f3n.\" \/>\n<meta name=\"robots\" content=\"index, follow, max-snippet:-1, max-image-preview:large, max-video-preview:-1\" \/>\n<link rel=\"canonical\" href=\"https:\/\/beautifulflowers.com.co\/index.php\/product\/flores-en-caja\/\" \/>\n<meta property=\"og:locale\" content=\"es_ES\" \/>\n<meta property=\"og:type\" content=\"article\" \/>\n<meta property=\"og:title\" content=\"Ramo|flores|tonos|vinos|\" \/>\n<meta property=\"og:description\" content=\"Sum\u00e9rgete en la belleza \u00fanica del Ramo &quot;Encanto Ex\u00f3tico&quot;, una deslumbrante composici\u00f3n de flores ex\u00f3ticas en tonos vino, naranja, rosado y salm\u00f3n.\" \/>\n<meta property=\"og:url\" content=\"https:\/\/beautifulflowers.com.co\/index.php\/product\/flores-en-caja\/\" \/>\n<meta property=\"article:modified_time\" content=\"2026-02-04T16:59:29+00:00\" \/>\n<meta property=\"og:image\" content=\"https:\/\/beautifulflowers.com.co\/wp-content\/uploads\/2025\/02\/9.png\" \/>\n\t<meta property=\"og:image:width\" content=\"1080\" \/>\n\t<meta property=\"og:image:height\" content=\"1080\" \/>\n\t<meta property=\"og:image:type\" content=\"image\/png\" \/>\n<meta name=\"twitter:card\" content=\"summary_large_image\" \/>\n<meta name=\"twitter:label1\" content=\"Tiempo de lectura\" \/>\n\t<meta name=\"twitter:data1\" content=\"1 minuto\" \/>\n<script type=\"application\/ld+json\" class=\"yoast-schema-graph\">{\"@context\":\"https:\/\/schema.org\",\"@graph\":[{\"@type\":\"WebPage\",\"@id\":\"https:\/\/beautifulflowers.com.co\/index.php\/product\/flores-en-caja\/\",\"url\":\"https:\/\/beautifulflowers.com.co\/index.php\/product\/flores-en-caja\/\",\"name\":\"Ramo|flores|tonos|vinos|\",\"isPartOf\":{\"@id\":\"https:\/\/beautifulflowers.com.co\/#website\"},\"primaryImageOfPage\":{\"@id\":\"https:\/\/beautifulflowers.com.co\/index.php\/product\/flores-en-caja\/#primaryimage\"},\"image\":{\"@id\":\"https:\/\/beautifulflowers.com.co\/index.php\/product\/flores-en-caja\/#primaryimage\"},\"thumbnailUrl\":\"https:\/\/beautifulflowers.com.co\/wp-content\/uploads\/2025\/02\/9.png\",\"datePublished\":\"2025-02-07T18:41:28+00:00\",\"dateModified\":\"2026-02-04T16:59:29+00:00\",\"description\":\"Sum\u00e9rgete en la belleza \u00fanica del Ramo \\\"Encanto Ex\u00f3tico\\\", una deslumbrante composici\u00f3n de flores ex\u00f3ticas en tonos vino, naranja, rosado y salm\u00f3n.\",\"breadcrumb\":{\"@id\":\"https:\/\/beautifulflowers.com.co\/index.php\/product\/flores-en-caja\/#breadcrumb\"},\"inLanguage\":\"es-CO\",\"potentialAction\":[{\"@type\":\"ReadAction\",\"target\":[\"https:\/\/beautifulflowers.com.co\/index.php\/product\/flores-en-caja\/\"]}]},{\"@type\":\"ImageObject\",\"inLanguage\":\"es-CO\",\"@id\":\"https:\/\/beautifulflowers.com.co\/index.php\/product\/flores-en-caja\/#primaryimage\",\"url\":\"https:\/\/beautifulflowers.com.co\/wp-content\/uploads\/2025\/02\/9.png\",\"contentUrl\":\"https:\/\/beautifulflowers.com.co\/wp-content\/uploads\/2025\/02\/9.png\",\"width\":1080,\"height\":1080,\"caption\":\"ramo flores\"},{\"@type\":\"BreadcrumbList\",\"@id\":\"https:\/\/beautifulflowers.com.co\/index.php\/product\/flores-en-caja\/#breadcrumb\",\"itemListElement\":[{\"@type\":\"ListItem\",\"position\":1,\"name\":\"Inicio\",\"item\":\"https:\/\/beautifulflowers.com.co\/\"},{\"@type\":\"ListItem\",\"position\":2,\"name\":\"Tienda\",\"item\":\"https:\/\/beautifulflowers.com.co\/index.php\/catalogo-de-todos-nuestros-productos\/\"},{\"@type\":\"ListItem\",\"position\":3,\"name\":\"Encanto Ex\u00f3tico Flores hermosas\"}]},{\"@type\":\"WebSite\",\"@id\":\"https:\/\/beautifulflowers.com.co\/#website\",\"url\":\"https:\/\/beautifulflowers.com.co\/\",\"name\":\"\",\"description\":\"Floristeria Beautiful Flowers\",\"potentialAction\":[{\"@type\":\"SearchAction\",\"target\":{\"@type\":\"EntryPoint\",\"urlTemplate\":\"https:\/\/beautifulflowers.com.co\/?s={search_term_string}\"},\"query-input\":{\"@type\":\"PropertyValueSpecification\",\"valueRequired\":true,\"valueName\":\"search_term_string\"}}],\"inLanguage\":\"es-CO\"}]}<\/script>\n<!-- \/ Yoast SEO plugin. -->","yoast_head_json":{"title":"Ramo|flores|tonos|vinos|","description":"Sum\u00e9rgete en la belleza \u00fanica del Ramo \"Encanto Ex\u00f3tico\", una deslumbrante composici\u00f3n de flores ex\u00f3ticas en tonos vino, naranja, rosado y salm\u00f3n.","robots":{"index":"index","follow":"follow","max-snippet":"max-snippet:-1","max-image-preview":"max-image-preview:large","max-video-preview":"max-video-preview:-1"},"canonical":"https:\/\/beautifulflowers.com.co\/index.php\/product\/flores-en-caja\/","og_locale":"es_ES","og_type":"article","og_title":"Ramo|flores|tonos|vinos|","og_description":"Sum\u00e9rgete en la belleza \u00fanica del Ramo \"Encanto Ex\u00f3tico\", una deslumbrante composici\u00f3n de flores ex\u00f3ticas en tonos vino, naranja, rosado y salm\u00f3n.","og_url":"https:\/\/beautifulflowers.com.co\/index.php\/product\/flores-en-caja\/","article_modified_time":"2026-02-04T16:59:29+00:00","og_image":[{"width":1080,"height":1080,"url":"https:\/\/beautifulflowers.com.co\/wp-content\/uploads\/2025\/02\/9.png","type":"image\/png"}],"twitter_card":"summary_large_image","twitter_misc":{"Tiempo de lectura":"1 minuto"},"schema":{"@context":"https:\/\/schema.org","@graph":[{"@type":"WebPage","@id":"https:\/\/beautifulflowers.com.co\/index.php\/product\/flores-en-caja\/","url":"https:\/\/beautifulflowers.com.co\/index.php\/product\/flores-en-caja\/","name":"Ramo|flores|tonos|vinos|","isPartOf":{"@id":"https:\/\/beautifulflowers.com.co\/#website"},"primaryImageOfPage":{"@id":"https:\/\/beautifulflowers.com.co\/index.php\/product\/flores-en-caja\/#primaryimage"},"image":{"@id":"https:\/\/beautifulflowers.com.co\/index.php\/product\/flores-en-caja\/#primaryimage"},"thumbnailUrl":"https:\/\/beautifulflowers.com.co\/wp-content\/uploads\/2025\/02\/9.png","datePublished":"2025-02-07T18:41:28+00:00","dateModified":"2026-02-04T16:59:29+00:00","description":"Sum\u00e9rgete en la belleza \u00fanica del Ramo \"Encanto Ex\u00f3tico\", una deslumbrante composici\u00f3n de flores ex\u00f3ticas en tonos vino, naranja, rosado y salm\u00f3n.","breadcrumb":{"@id":"https:\/\/beautifulflowers.com.co\/index.php\/product\/flores-en-caja\/#breadcrumb"},"inLanguage":"es-CO","potentialAction":[{"@type":"ReadAction","target":["https:\/\/beautifulflowers.com.co\/index.php\/product\/flores-en-caja\/"]}]},{"@type":"ImageObject","inLanguage":"es-CO","@id":"https:\/\/beautifulflowers.com.co\/index.php\/product\/flores-en-caja\/#primaryimage","url":"https:\/\/beautifulflowers.com.co\/wp-content\/uploads\/2025\/02\/9.png","contentUrl":"https:\/\/beautifulflowers.com.co\/wp-content\/uploads\/2025\/02\/9.png","width":1080,"height":1080,"caption":"ramo flores"},{"@type":"BreadcrumbList","@id":"https:\/\/beautifulflowers.com.co\/index.php\/product\/flores-en-caja\/#breadcrumb","itemListElement":[{"@type":"ListItem","position":1,"name":"Inicio","item":"https:\/\/beautifulflowers.com.co\/"},{"@type":"ListItem","position":2,"name":"Tienda","item":"https:\/\/beautifulflowers.com.co\/index.php\/catalogo-de-todos-nuestros-productos\/"},{"@type":"ListItem","position":3,"name":"Encanto Ex\u00f3tico Flores hermosas"}]},{"@type":"WebSite","@id":"https:\/\/beautifulflowers.com.co\/#website","url":"https:\/\/beautifulflowers.com.co\/","name":"","description":"Floristeria Beautiful Flowers","potentialAction":[{"@type":"SearchAction","target":{"@type":"EntryPoint","urlTemplate":"https:\/\/beautifulflowers.com.co\/?s={search_term_string}"},"query-input":{"@type":"PropertyValueSpecification","valueRequired":true,"valueName":"search_term_string"}}],"inLanguage":"es-CO"}]}},"_links":{"self":[{"href":"https:\/\/beautifulflowers.com.co\/index.php\/wp-json\/wp\/v2\/product\/1590","targetHints":{"allow":["GET"]}}],"collection":[{"href":"https:\/\/beautifulflowers.com.co\/index.php\/wp-json\/wp\/v2\/product"}],"about":[{"href":"https:\/\/beautifulflowers.com.co\/index.php\/wp-json\/wp\/v2\/types\/product"}],"replies":[{"embeddable":true,"href":"https:\/\/beautifulflowers.com.co\/index.php\/wp-json\/wp\/v2\/comments?post=1590"}],"wp:featuredmedia":[{"embeddable":true,"href":"https:\/\/beautifulflowers.com.co\/index.php\/wp-json\/wp\/v2\/media\/1591"}],"wp:attachment":[{"href":"https:\/\/beautifulflowers.com.co\/index.php\/wp-json\/wp\/v2\/media?parent=1590"}],"wp:term":[{"taxonomy":"product_brand","embeddable":true,"href":"https:\/\/beautifulflowers.com.co\/index.php\/wp-json\/wp\/v2\/product_brand?post=1590"},{"taxonomy":"product_cat","embeddable":true,"href":"https:\/\/beautifulflowers.com.co\/index.php\/wp-json\/wp\/v2\/product_cat?post=1590"},{"taxonomy":"product_tag","embeddable":true,"href":"https:\/\/beautifulflowers.com.co\/index.php\/wp-json\/wp\/v2\/product_tag?post=1590"}],"curies":[{"name":"wp","href":"https:\/\/api.w.org\/{rel}","templated":true}]}}