{"id":1635,"date":"2025-04-11T19:27:32","date_gmt":"2025-04-11T19:27:32","guid":{"rendered":"https:\/\/beautifulflowers.com.co\/?post_type=product&#038;p=1635"},"modified":"2026-02-04T16:57:04","modified_gmt":"2026-02-04T16:57:04","slug":"ramo-gerberas-colores-alegres","status":"publish","type":"product","link":"https:\/\/beautifulflowers.com.co\/index.php\/product\/ramo-gerberas-colores-alegres\/","title":{"rendered":"Ramo Colores de Vida"},"content":{"rendered":"<p class=\"\" data-start=\"801\" data-end=\"1133\">Este hermoso ramo redondo es un estallido de alegr\u00eda y color. Dise\u00f1ado con gerberas mixtas en tonos vibrantes como rojo, naranja, amarillo y fucsia, acompa\u00f1ado de astromelias rosadas y decorado con un anillo de gypso blanco que le da un toque delicado y elegante. Su envoltura en tonos pastel resalta la belleza natural del arreglo.<\/p>\n<p class=\"\" data-start=\"1135\" data-end=\"1162\"><strong data-start=\"1135\" data-end=\"1160\">Composici\u00f3n del ramo:<\/strong><\/p>\n<ul data-start=\"1163\" data-end=\"1408\">\n<li class=\"\" data-start=\"1163\" data-end=\"1234\">\n<p class=\"\" data-start=\"1165\" data-end=\"1234\">10 gerberas mixtas (rojas, naranjas, amarillas, rosadas y fucsias).<\/p>\n<\/li>\n<li class=\"\" data-start=\"1235\" data-end=\"1271\">\n<p class=\"\" data-start=\"1237\" data-end=\"1271\">4 tallos de astromelias rosadas.<\/p>\n<\/li>\n<li class=\"\" data-start=\"1272\" data-end=\"1323\">\n<p class=\"\" data-start=\"1274\" data-end=\"1323\">Gypso blanco (flor de velo de novia) alrededor.<\/p>\n<\/li>\n<li class=\"\" data-start=\"1324\" data-end=\"1353\">\n<p class=\"\" data-start=\"1326\" data-end=\"1353\">Follaje verde decorativo.<\/p>\n<\/li>\n<li class=\"\" data-start=\"1354\" data-end=\"1408\">\n<p class=\"\" data-start=\"1356\" data-end=\"1408\">Envoltura de cart\u00f3n en tonos rosado, beige y dorado.<\/p>\n<\/li>\n<\/ul>\n<p class=\"\" data-start=\"1410\" data-end=\"1427\"><strong data-start=\"1410\" data-end=\"1425\">Ideal para:<\/strong><\/p>\n<ul data-start=\"1428\" data-end=\"1589\">\n<li class=\"\" data-start=\"1428\" data-end=\"1498\">\n<p class=\"\" data-start=\"1430\" data-end=\"1498\">Cumplea\u00f1os, agradecimientos, celebraciones o detalles espont\u00e1neos.<\/p>\n<\/li>\n<li class=\"\" data-start=\"1499\" data-end=\"1549\">\n<p class=\"\" data-start=\"1501\" data-end=\"1549\">Sorprender con un mensaje de alegr\u00eda y cari\u00f1o.<\/p>\n<\/li>\n<li class=\"\" data-start=\"1550\" data-end=\"1589\">\n<p class=\"\" data-start=\"1552\" data-end=\"1589\">Decorar espacios con energ\u00eda y color.<\/p>\n<\/li>\n<\/ul>\n<p class=\"\" data-start=\"1591\" data-end=\"1659\"><strong data-start=\"1591\" data-end=\"1659\">Entrega a domicilio en Villavicencio con asesor\u00eda personalizada.<\/strong><\/p>\n","protected":false},"excerpt":{"rendered":"<p>Este hermoso ramo redondo es un estallido de alegr\u00eda y color. Dise\u00f1ado con gerberas mixtas en tonos vibrantes como rojo, naranja, amarillo y fucsia, acompa\u00f1ado de astromelias rosadas y decorado con un anillo de gypso blanco que le da un toque delicado y elegante. Su envoltura en tonos pastel resalta la belleza natural del arreglo.<\/p>\n<p>&nbsp;<\/p>\n","protected":false},"featured_media":1636,"comment_status":"open","ping_status":"closed","template":"","meta":[],"product_brand":[],"product_cat":[15,33],"product_tag":[46,47,45,49,55,54],"class_list":{"0":"post-1635","1":"product","2":"type-product","3":"status-publish","4":"has-post-thumbnail","6":"product_cat-ocasion","7":"product_cat-categoria-ramos-de-mano","8":"product_tag-amor","9":"product_tag-aniversario","10":"product_tag-cumpleanos","11":"product_tag-perdon","12":"product_tag-diadelamujer","13":"product_tag-paramama","15":"first","16":"instock","17":"shipping-taxable","18":"purchasable","19":"product-type-simple"},"yoast_head":"<!-- This site is optimized with the Yoast SEO plugin v27.0 - https:\/\/yoast.com\/product\/yoast-seo-wordpress\/ -->\n<title>Ramo de Gerberas Mixtas y Gypso | Colores Alegres a Domicilio<\/title>\n<meta name=\"description\" content=\"Ramo redondo de gerberas mixtas en tonos vivos con astromelias y gypso. Ideal para cumplea\u00f1os, agradecimientos o alegrar el d\u00eda de alguien.\" \/>\n<meta name=\"robots\" content=\"index, follow, max-snippet:-1, max-image-preview:large, max-video-preview:-1\" \/>\n<link rel=\"canonical\" href=\"https:\/\/beautifulflowers.com.co\/index.php\/product\/ramo-gerberas-colores-alegres\/\" \/>\n<meta property=\"og:locale\" content=\"es_ES\" \/>\n<meta property=\"og:type\" content=\"article\" \/>\n<meta property=\"og:title\" content=\"Ramo de Gerberas Mixtas y Gypso | Colores Alegres a Domicilio\" \/>\n<meta property=\"og:description\" content=\"Ramo redondo de gerberas mixtas en tonos vivos con astromelias y gypso. Ideal para cumplea\u00f1os, agradecimientos o alegrar el d\u00eda de alguien.\" \/>\n<meta property=\"og:url\" content=\"https:\/\/beautifulflowers.com.co\/index.php\/product\/ramo-gerberas-colores-alegres\/\" \/>\n<meta property=\"article:modified_time\" content=\"2026-02-04T16:57:04+00:00\" \/>\n<meta property=\"og:image\" content=\"https:\/\/beautifulflowers.com.co\/wp-content\/uploads\/2025\/04\/8.png\" \/>\n\t<meta property=\"og:image:width\" content=\"1080\" \/>\n\t<meta property=\"og:image:height\" content=\"1080\" \/>\n\t<meta property=\"og:image:type\" content=\"image\/png\" \/>\n<meta name=\"twitter:card\" content=\"summary_large_image\" \/>\n<meta name=\"twitter:label1\" content=\"Tiempo de lectura\" \/>\n\t<meta name=\"twitter:data1\" content=\"1 minuto\" \/>\n<script type=\"application\/ld+json\" class=\"yoast-schema-graph\">{\"@context\":\"https:\/\/schema.org\",\"@graph\":[{\"@type\":\"WebPage\",\"@id\":\"https:\/\/beautifulflowers.com.co\/index.php\/product\/ramo-gerberas-colores-alegres\/\",\"url\":\"https:\/\/beautifulflowers.com.co\/index.php\/product\/ramo-gerberas-colores-alegres\/\",\"name\":\"Ramo de Gerberas Mixtas y Gypso | Colores Alegres a Domicilio\",\"isPartOf\":{\"@id\":\"https:\/\/beautifulflowers.com.co\/#website\"},\"primaryImageOfPage\":{\"@id\":\"https:\/\/beautifulflowers.com.co\/index.php\/product\/ramo-gerberas-colores-alegres\/#primaryimage\"},\"image\":{\"@id\":\"https:\/\/beautifulflowers.com.co\/index.php\/product\/ramo-gerberas-colores-alegres\/#primaryimage\"},\"thumbnailUrl\":\"https:\/\/beautifulflowers.com.co\/wp-content\/uploads\/2025\/04\/8.png\",\"datePublished\":\"2025-04-11T19:27:32+00:00\",\"dateModified\":\"2026-02-04T16:57:04+00:00\",\"description\":\"Ramo redondo de gerberas mixtas en tonos vivos con astromelias y gypso. Ideal para cumplea\u00f1os, agradecimientos o alegrar el d\u00eda de alguien.\",\"breadcrumb\":{\"@id\":\"https:\/\/beautifulflowers.com.co\/index.php\/product\/ramo-gerberas-colores-alegres\/#breadcrumb\"},\"inLanguage\":\"es-CO\",\"potentialAction\":[{\"@type\":\"ReadAction\",\"target\":[\"https:\/\/beautifulflowers.com.co\/index.php\/product\/ramo-gerberas-colores-alegres\/\"]}]},{\"@type\":\"ImageObject\",\"inLanguage\":\"es-CO\",\"@id\":\"https:\/\/beautifulflowers.com.co\/index.php\/product\/ramo-gerberas-colores-alegres\/#primaryimage\",\"url\":\"https:\/\/beautifulflowers.com.co\/wp-content\/uploads\/2025\/04\/8.png\",\"contentUrl\":\"https:\/\/beautifulflowers.com.co\/wp-content\/uploads\/2025\/04\/8.png\",\"width\":1080,\"height\":1080,\"caption\":\"ramo con gerberas\"},{\"@type\":\"BreadcrumbList\",\"@id\":\"https:\/\/beautifulflowers.com.co\/index.php\/product\/ramo-gerberas-colores-alegres\/#breadcrumb\",\"itemListElement\":[{\"@type\":\"ListItem\",\"position\":1,\"name\":\"Inicio\",\"item\":\"https:\/\/beautifulflowers.com.co\/\"},{\"@type\":\"ListItem\",\"position\":2,\"name\":\"Tienda\",\"item\":\"https:\/\/beautifulflowers.com.co\/index.php\/catalogo-de-todos-nuestros-productos\/\"},{\"@type\":\"ListItem\",\"position\":3,\"name\":\"Ramo Colores de Vida\"}]},{\"@type\":\"WebSite\",\"@id\":\"https:\/\/beautifulflowers.com.co\/#website\",\"url\":\"https:\/\/beautifulflowers.com.co\/\",\"name\":\"\",\"description\":\"Floristeria Beautiful Flowers\",\"potentialAction\":[{\"@type\":\"SearchAction\",\"target\":{\"@type\":\"EntryPoint\",\"urlTemplate\":\"https:\/\/beautifulflowers.com.co\/?s={search_term_string}\"},\"query-input\":{\"@type\":\"PropertyValueSpecification\",\"valueRequired\":true,\"valueName\":\"search_term_string\"}}],\"inLanguage\":\"es-CO\"}]}<\/script>\n<!-- \/ Yoast SEO plugin. -->","yoast_head_json":{"title":"Ramo de Gerberas Mixtas y Gypso | Colores Alegres a Domicilio","description":"Ramo redondo de gerberas mixtas en tonos vivos con astromelias y gypso. Ideal para cumplea\u00f1os, agradecimientos o alegrar el d\u00eda de alguien.","robots":{"index":"index","follow":"follow","max-snippet":"max-snippet:-1","max-image-preview":"max-image-preview:large","max-video-preview":"max-video-preview:-1"},"canonical":"https:\/\/beautifulflowers.com.co\/index.php\/product\/ramo-gerberas-colores-alegres\/","og_locale":"es_ES","og_type":"article","og_title":"Ramo de Gerberas Mixtas y Gypso | Colores Alegres a Domicilio","og_description":"Ramo redondo de gerberas mixtas en tonos vivos con astromelias y gypso. Ideal para cumplea\u00f1os, agradecimientos o alegrar el d\u00eda de alguien.","og_url":"https:\/\/beautifulflowers.com.co\/index.php\/product\/ramo-gerberas-colores-alegres\/","article_modified_time":"2026-02-04T16:57:04+00:00","og_image":[{"width":1080,"height":1080,"url":"https:\/\/beautifulflowers.com.co\/wp-content\/uploads\/2025\/04\/8.png","type":"image\/png"}],"twitter_card":"summary_large_image","twitter_misc":{"Tiempo de lectura":"1 minuto"},"schema":{"@context":"https:\/\/schema.org","@graph":[{"@type":"WebPage","@id":"https:\/\/beautifulflowers.com.co\/index.php\/product\/ramo-gerberas-colores-alegres\/","url":"https:\/\/beautifulflowers.com.co\/index.php\/product\/ramo-gerberas-colores-alegres\/","name":"Ramo de Gerberas Mixtas y Gypso | Colores Alegres a Domicilio","isPartOf":{"@id":"https:\/\/beautifulflowers.com.co\/#website"},"primaryImageOfPage":{"@id":"https:\/\/beautifulflowers.com.co\/index.php\/product\/ramo-gerberas-colores-alegres\/#primaryimage"},"image":{"@id":"https:\/\/beautifulflowers.com.co\/index.php\/product\/ramo-gerberas-colores-alegres\/#primaryimage"},"thumbnailUrl":"https:\/\/beautifulflowers.com.co\/wp-content\/uploads\/2025\/04\/8.png","datePublished":"2025-04-11T19:27:32+00:00","dateModified":"2026-02-04T16:57:04+00:00","description":"Ramo redondo de gerberas mixtas en tonos vivos con astromelias y gypso. Ideal para cumplea\u00f1os, agradecimientos o alegrar el d\u00eda de alguien.","breadcrumb":{"@id":"https:\/\/beautifulflowers.com.co\/index.php\/product\/ramo-gerberas-colores-alegres\/#breadcrumb"},"inLanguage":"es-CO","potentialAction":[{"@type":"ReadAction","target":["https:\/\/beautifulflowers.com.co\/index.php\/product\/ramo-gerberas-colores-alegres\/"]}]},{"@type":"ImageObject","inLanguage":"es-CO","@id":"https:\/\/beautifulflowers.com.co\/index.php\/product\/ramo-gerberas-colores-alegres\/#primaryimage","url":"https:\/\/beautifulflowers.com.co\/wp-content\/uploads\/2025\/04\/8.png","contentUrl":"https:\/\/beautifulflowers.com.co\/wp-content\/uploads\/2025\/04\/8.png","width":1080,"height":1080,"caption":"ramo con gerberas"},{"@type":"BreadcrumbList","@id":"https:\/\/beautifulflowers.com.co\/index.php\/product\/ramo-gerberas-colores-alegres\/#breadcrumb","itemListElement":[{"@type":"ListItem","position":1,"name":"Inicio","item":"https:\/\/beautifulflowers.com.co\/"},{"@type":"ListItem","position":2,"name":"Tienda","item":"https:\/\/beautifulflowers.com.co\/index.php\/catalogo-de-todos-nuestros-productos\/"},{"@type":"ListItem","position":3,"name":"Ramo Colores de Vida"}]},{"@type":"WebSite","@id":"https:\/\/beautifulflowers.com.co\/#website","url":"https:\/\/beautifulflowers.com.co\/","name":"","description":"Floristeria Beautiful Flowers","potentialAction":[{"@type":"SearchAction","target":{"@type":"EntryPoint","urlTemplate":"https:\/\/beautifulflowers.com.co\/?s={search_term_string}"},"query-input":{"@type":"PropertyValueSpecification","valueRequired":true,"valueName":"search_term_string"}}],"inLanguage":"es-CO"}]}},"_links":{"self":[{"href":"https:\/\/beautifulflowers.com.co\/index.php\/wp-json\/wp\/v2\/product\/1635","targetHints":{"allow":["GET"]}}],"collection":[{"href":"https:\/\/beautifulflowers.com.co\/index.php\/wp-json\/wp\/v2\/product"}],"about":[{"href":"https:\/\/beautifulflowers.com.co\/index.php\/wp-json\/wp\/v2\/types\/product"}],"replies":[{"embeddable":true,"href":"https:\/\/beautifulflowers.com.co\/index.php\/wp-json\/wp\/v2\/comments?post=1635"}],"wp:featuredmedia":[{"embeddable":true,"href":"https:\/\/beautifulflowers.com.co\/index.php\/wp-json\/wp\/v2\/media\/1636"}],"wp:attachment":[{"href":"https:\/\/beautifulflowers.com.co\/index.php\/wp-json\/wp\/v2\/media?parent=1635"}],"wp:term":[{"taxonomy":"product_brand","embeddable":true,"href":"https:\/\/beautifulflowers.com.co\/index.php\/wp-json\/wp\/v2\/product_brand?post=1635"},{"taxonomy":"product_cat","embeddable":true,"href":"https:\/\/beautifulflowers.com.co\/index.php\/wp-json\/wp\/v2\/product_cat?post=1635"},{"taxonomy":"product_tag","embeddable":true,"href":"https:\/\/beautifulflowers.com.co\/index.php\/wp-json\/wp\/v2\/product_tag?post=1635"}],"curies":[{"name":"wp","href":"https:\/\/api.w.org\/{rel}","templated":true}]}}