{"id":1639,"date":"2025-04-11T19:38:53","date_gmt":"2025-04-11T19:38:53","guid":{"rendered":"https:\/\/beautifulflowers.com.co\/?post_type=product&#038;p=1639"},"modified":"2026-02-04T16:57:04","modified_gmt":"2026-02-04T16:57:04","slug":"corona-funebre-rosas-margaritas","status":"publish","type":"product","link":"https:\/\/beautifulflowers.com.co\/index.php\/product\/corona-funebre-rosas-margaritas\/","title":{"rendered":"Corona F\u00fanebre Homenaje floral de despedida"},"content":{"rendered":"<p class=\"\" data-start=\"607\" data-end=\"693\"><strong data-start=\"607\" data-end=\"693\">Corona F\u00fanebre con Rosas Rojas y Margaritas Blancas \u2013 Homenaje floral de despedida<\/strong><\/p>\n<p class=\"\" data-start=\"695\" data-end=\"916\">Expresa tus condolencias de una forma respetuosa y elegante con esta corona f\u00fanebre de lujo, elaborada con flores frescas y un dise\u00f1o armonioso. Perfecta para acompa\u00f1ar momentos dif\u00edciles con un mensaje de amor y respeto.<\/p>\n<p class=\"\" data-start=\"918\" data-end=\"947\"><strong data-start=\"918\" data-end=\"945\">Descripci\u00f3n del dise\u00f1o:<\/strong><\/p>\n<ul data-start=\"948\" data-end=\"1206\">\n<li class=\"\" data-start=\"948\" data-end=\"993\">\n<p class=\"\" data-start=\"950\" data-end=\"993\">40 rosas rojas frescas (aproximadamente).<\/p>\n<\/li>\n<li class=\"\" data-start=\"994\" data-end=\"1048\">\n<p class=\"\" data-start=\"996\" data-end=\"1048\">Margaritas blancas tipo bot\u00f3n en forma de c\u00edrculo.<\/p>\n<\/li>\n<li class=\"\" data-start=\"1049\" data-end=\"1111\">\n<p class=\"\" data-start=\"1051\" data-end=\"1111\">Detalles en gypsophila (flor nube blanca) y follaje verde.<\/p>\n<\/li>\n<li class=\"\" data-start=\"1112\" data-end=\"1147\">\n<p class=\"\" data-start=\"1114\" data-end=\"1147\">Base circular en hoja de palma.<\/p>\n<\/li>\n<li class=\"\" data-start=\"1148\" data-end=\"1206\">\n<p class=\"\" data-start=\"1150\" data-end=\"1206\">Mo\u00f1o personalizado con mensaje (ej: <em data-start=\"1186\" data-end=\"1204\">Familia C\u00e1rdenas<\/em>).<\/p>\n<\/li>\n<\/ul>\n<p class=\"\" data-start=\"1208\" data-end=\"1225\"><strong data-start=\"1208\" data-end=\"1223\">Ideal para:<\/strong><\/p>\n<ul data-start=\"1226\" data-end=\"1382\">\n<li class=\"\" data-start=\"1226\" data-end=\"1264\">\n<p class=\"\" data-start=\"1228\" data-end=\"1264\">Servicios funerarios y velaciones.<\/p>\n<\/li>\n<li class=\"\" data-start=\"1265\" data-end=\"1315\">\n<p class=\"\" data-start=\"1267\" data-end=\"1315\">Enviar un mensaje de respeto y acompa\u00f1amiento.<\/p>\n<\/li>\n<li class=\"\" data-start=\"1316\" data-end=\"1382\">\n<p class=\"\" data-start=\"1318\" data-end=\"1382\">Entregas en iglesias, funerarias o residencias en Villavicencio.<\/p>\n<\/li>\n<\/ul>\n<p>&nbsp;<\/p>\n<p>&nbsp;<\/p>\n","protected":false},"excerpt":{"rendered":"<p>Expresa tus condolencias de una forma respetuosa y elegante con esta corona f\u00fanebre de lujo, elaborada con flores frescas y un dise\u00f1o armonioso. Perfecta para acompa\u00f1ar momentos dif\u00edciles con un mensaje de amor y respeto.<\/p>\n<p>&nbsp;<\/p>\n","protected":false},"featured_media":1640,"comment_status":"open","ping_status":"closed","template":"","meta":[],"product_brand":[],"product_cat":[15,51],"product_tag":[46,47,45,49,55,54],"class_list":{"0":"post-1639","1":"product","2":"type-product","3":"status-publish","4":"has-post-thumbnail","6":"product_cat-ocasion","7":"product_cat-funebre","8":"product_tag-amor","9":"product_tag-aniversario","10":"product_tag-cumpleanos","11":"product_tag-perdon","12":"product_tag-diadelamujer","13":"product_tag-paramama","15":"first","16":"instock","17":"shipping-taxable","18":"purchasable","19":"product-type-simple"},"yoast_head":"<!-- This site is optimized with the Yoast SEO plugin v27.0 - https:\/\/yoast.com\/product\/yoast-seo-wordpress\/ -->\n<title>Corona f\u00fanebre| con rosas rojas | margaritas blancas<\/title>\n<meta name=\"description\" content=\"Corona f\u00fanebre elegante con rosas rojas, margaritas blancas y follaje. Ideal para expresar condolencias con respeto y amor. Entrega en Villavicencio.\" \/>\n<meta name=\"robots\" content=\"index, follow, max-snippet:-1, max-image-preview:large, max-video-preview:-1\" \/>\n<link rel=\"canonical\" href=\"https:\/\/beautifulflowers.com.co\/index.php\/product\/corona-funebre-rosas-margaritas\/\" \/>\n<meta property=\"og:locale\" content=\"es_ES\" \/>\n<meta property=\"og:type\" content=\"article\" \/>\n<meta property=\"og:title\" content=\"Corona f\u00fanebre| con rosas rojas | margaritas blancas\" \/>\n<meta property=\"og:description\" content=\"Corona f\u00fanebre elegante con rosas rojas, margaritas blancas y follaje. Ideal para expresar condolencias con respeto y amor. Entrega en Villavicencio.\" \/>\n<meta property=\"og:url\" content=\"https:\/\/beautifulflowers.com.co\/index.php\/product\/corona-funebre-rosas-margaritas\/\" \/>\n<meta property=\"article:modified_time\" content=\"2026-02-04T16:57:04+00:00\" \/>\n<meta property=\"og:image\" content=\"https:\/\/beautifulflowers.com.co\/wp-content\/uploads\/2025\/04\/5-1.png\" \/>\n\t<meta property=\"og:image:width\" content=\"1080\" \/>\n\t<meta property=\"og:image:height\" content=\"1080\" \/>\n\t<meta property=\"og:image:type\" content=\"image\/png\" \/>\n<meta name=\"twitter:card\" content=\"summary_large_image\" \/>\n<meta name=\"twitter:label1\" content=\"Tiempo de lectura\" \/>\n\t<meta name=\"twitter:data1\" content=\"1 minuto\" \/>\n<script type=\"application\/ld+json\" class=\"yoast-schema-graph\">{\"@context\":\"https:\/\/schema.org\",\"@graph\":[{\"@type\":\"WebPage\",\"@id\":\"https:\/\/beautifulflowers.com.co\/index.php\/product\/corona-funebre-rosas-margaritas\/\",\"url\":\"https:\/\/beautifulflowers.com.co\/index.php\/product\/corona-funebre-rosas-margaritas\/\",\"name\":\"Corona f\u00fanebre| con rosas rojas | margaritas blancas\",\"isPartOf\":{\"@id\":\"https:\/\/beautifulflowers.com.co\/#website\"},\"primaryImageOfPage\":{\"@id\":\"https:\/\/beautifulflowers.com.co\/index.php\/product\/corona-funebre-rosas-margaritas\/#primaryimage\"},\"image\":{\"@id\":\"https:\/\/beautifulflowers.com.co\/index.php\/product\/corona-funebre-rosas-margaritas\/#primaryimage\"},\"thumbnailUrl\":\"https:\/\/beautifulflowers.com.co\/wp-content\/uploads\/2025\/04\/5-1.png\",\"datePublished\":\"2025-04-11T19:38:53+00:00\",\"dateModified\":\"2026-02-04T16:57:04+00:00\",\"description\":\"Corona f\u00fanebre elegante con rosas rojas, margaritas blancas y follaje. Ideal para expresar condolencias con respeto y amor. Entrega en Villavicencio.\",\"breadcrumb\":{\"@id\":\"https:\/\/beautifulflowers.com.co\/index.php\/product\/corona-funebre-rosas-margaritas\/#breadcrumb\"},\"inLanguage\":\"es-CO\",\"potentialAction\":[{\"@type\":\"ReadAction\",\"target\":[\"https:\/\/beautifulflowers.com.co\/index.php\/product\/corona-funebre-rosas-margaritas\/\"]}]},{\"@type\":\"ImageObject\",\"inLanguage\":\"es-CO\",\"@id\":\"https:\/\/beautifulflowers.com.co\/index.php\/product\/corona-funebre-rosas-margaritas\/#primaryimage\",\"url\":\"https:\/\/beautifulflowers.com.co\/wp-content\/uploads\/2025\/04\/5-1.png\",\"contentUrl\":\"https:\/\/beautifulflowers.com.co\/wp-content\/uploads\/2025\/04\/5-1.png\",\"width\":1080,\"height\":1080,\"caption\":\"funebre rosas rojas\"},{\"@type\":\"BreadcrumbList\",\"@id\":\"https:\/\/beautifulflowers.com.co\/index.php\/product\/corona-funebre-rosas-margaritas\/#breadcrumb\",\"itemListElement\":[{\"@type\":\"ListItem\",\"position\":1,\"name\":\"Inicio\",\"item\":\"https:\/\/beautifulflowers.com.co\/\"},{\"@type\":\"ListItem\",\"position\":2,\"name\":\"Tienda\",\"item\":\"https:\/\/beautifulflowers.com.co\/index.php\/catalogo-de-todos-nuestros-productos\/\"},{\"@type\":\"ListItem\",\"position\":3,\"name\":\"Corona F\u00fanebre Homenaje floral de despedida\"}]},{\"@type\":\"WebSite\",\"@id\":\"https:\/\/beautifulflowers.com.co\/#website\",\"url\":\"https:\/\/beautifulflowers.com.co\/\",\"name\":\"\",\"description\":\"Floristeria Beautiful Flowers\",\"potentialAction\":[{\"@type\":\"SearchAction\",\"target\":{\"@type\":\"EntryPoint\",\"urlTemplate\":\"https:\/\/beautifulflowers.com.co\/?s={search_term_string}\"},\"query-input\":{\"@type\":\"PropertyValueSpecification\",\"valueRequired\":true,\"valueName\":\"search_term_string\"}}],\"inLanguage\":\"es-CO\"}]}<\/script>\n<!-- \/ Yoast SEO plugin. -->","yoast_head_json":{"title":"Corona f\u00fanebre| con rosas rojas | margaritas blancas","description":"Corona f\u00fanebre elegante con rosas rojas, margaritas blancas y follaje. Ideal para expresar condolencias con respeto y amor. Entrega en Villavicencio.","robots":{"index":"index","follow":"follow","max-snippet":"max-snippet:-1","max-image-preview":"max-image-preview:large","max-video-preview":"max-video-preview:-1"},"canonical":"https:\/\/beautifulflowers.com.co\/index.php\/product\/corona-funebre-rosas-margaritas\/","og_locale":"es_ES","og_type":"article","og_title":"Corona f\u00fanebre| con rosas rojas | margaritas blancas","og_description":"Corona f\u00fanebre elegante con rosas rojas, margaritas blancas y follaje. Ideal para expresar condolencias con respeto y amor. Entrega en Villavicencio.","og_url":"https:\/\/beautifulflowers.com.co\/index.php\/product\/corona-funebre-rosas-margaritas\/","article_modified_time":"2026-02-04T16:57:04+00:00","og_image":[{"width":1080,"height":1080,"url":"https:\/\/beautifulflowers.com.co\/wp-content\/uploads\/2025\/04\/5-1.png","type":"image\/png"}],"twitter_card":"summary_large_image","twitter_misc":{"Tiempo de lectura":"1 minuto"},"schema":{"@context":"https:\/\/schema.org","@graph":[{"@type":"WebPage","@id":"https:\/\/beautifulflowers.com.co\/index.php\/product\/corona-funebre-rosas-margaritas\/","url":"https:\/\/beautifulflowers.com.co\/index.php\/product\/corona-funebre-rosas-margaritas\/","name":"Corona f\u00fanebre| con rosas rojas | margaritas blancas","isPartOf":{"@id":"https:\/\/beautifulflowers.com.co\/#website"},"primaryImageOfPage":{"@id":"https:\/\/beautifulflowers.com.co\/index.php\/product\/corona-funebre-rosas-margaritas\/#primaryimage"},"image":{"@id":"https:\/\/beautifulflowers.com.co\/index.php\/product\/corona-funebre-rosas-margaritas\/#primaryimage"},"thumbnailUrl":"https:\/\/beautifulflowers.com.co\/wp-content\/uploads\/2025\/04\/5-1.png","datePublished":"2025-04-11T19:38:53+00:00","dateModified":"2026-02-04T16:57:04+00:00","description":"Corona f\u00fanebre elegante con rosas rojas, margaritas blancas y follaje. Ideal para expresar condolencias con respeto y amor. Entrega en Villavicencio.","breadcrumb":{"@id":"https:\/\/beautifulflowers.com.co\/index.php\/product\/corona-funebre-rosas-margaritas\/#breadcrumb"},"inLanguage":"es-CO","potentialAction":[{"@type":"ReadAction","target":["https:\/\/beautifulflowers.com.co\/index.php\/product\/corona-funebre-rosas-margaritas\/"]}]},{"@type":"ImageObject","inLanguage":"es-CO","@id":"https:\/\/beautifulflowers.com.co\/index.php\/product\/corona-funebre-rosas-margaritas\/#primaryimage","url":"https:\/\/beautifulflowers.com.co\/wp-content\/uploads\/2025\/04\/5-1.png","contentUrl":"https:\/\/beautifulflowers.com.co\/wp-content\/uploads\/2025\/04\/5-1.png","width":1080,"height":1080,"caption":"funebre rosas rojas"},{"@type":"BreadcrumbList","@id":"https:\/\/beautifulflowers.com.co\/index.php\/product\/corona-funebre-rosas-margaritas\/#breadcrumb","itemListElement":[{"@type":"ListItem","position":1,"name":"Inicio","item":"https:\/\/beautifulflowers.com.co\/"},{"@type":"ListItem","position":2,"name":"Tienda","item":"https:\/\/beautifulflowers.com.co\/index.php\/catalogo-de-todos-nuestros-productos\/"},{"@type":"ListItem","position":3,"name":"Corona F\u00fanebre Homenaje floral de despedida"}]},{"@type":"WebSite","@id":"https:\/\/beautifulflowers.com.co\/#website","url":"https:\/\/beautifulflowers.com.co\/","name":"","description":"Floristeria Beautiful Flowers","potentialAction":[{"@type":"SearchAction","target":{"@type":"EntryPoint","urlTemplate":"https:\/\/beautifulflowers.com.co\/?s={search_term_string}"},"query-input":{"@type":"PropertyValueSpecification","valueRequired":true,"valueName":"search_term_string"}}],"inLanguage":"es-CO"}]}},"_links":{"self":[{"href":"https:\/\/beautifulflowers.com.co\/index.php\/wp-json\/wp\/v2\/product\/1639","targetHints":{"allow":["GET"]}}],"collection":[{"href":"https:\/\/beautifulflowers.com.co\/index.php\/wp-json\/wp\/v2\/product"}],"about":[{"href":"https:\/\/beautifulflowers.com.co\/index.php\/wp-json\/wp\/v2\/types\/product"}],"replies":[{"embeddable":true,"href":"https:\/\/beautifulflowers.com.co\/index.php\/wp-json\/wp\/v2\/comments?post=1639"}],"wp:featuredmedia":[{"embeddable":true,"href":"https:\/\/beautifulflowers.com.co\/index.php\/wp-json\/wp\/v2\/media\/1640"}],"wp:attachment":[{"href":"https:\/\/beautifulflowers.com.co\/index.php\/wp-json\/wp\/v2\/media?parent=1639"}],"wp:term":[{"taxonomy":"product_brand","embeddable":true,"href":"https:\/\/beautifulflowers.com.co\/index.php\/wp-json\/wp\/v2\/product_brand?post=1639"},{"taxonomy":"product_cat","embeddable":true,"href":"https:\/\/beautifulflowers.com.co\/index.php\/wp-json\/wp\/v2\/product_cat?post=1639"},{"taxonomy":"product_tag","embeddable":true,"href":"https:\/\/beautifulflowers.com.co\/index.php\/wp-json\/wp\/v2\/product_tag?post=1639"}],"curies":[{"name":"wp","href":"https:\/\/api.w.org\/{rel}","templated":true}]}}