{"id":1745,"date":"2025-12-10T22:39:30","date_gmt":"2025-12-10T22:39:30","guid":{"rendered":"https:\/\/beautifulflowers.com.co\/?post_type=product&#038;p=1745"},"modified":"2026-02-04T16:57:02","modified_gmt":"2026-02-04T16:57:02","slug":"arreglo-floral-premium-multicolor-en-base-rectangular-diseno-exclusivo","status":"publish","type":"product","link":"https:\/\/beautifulflowers.com.co\/index.php\/product\/arreglo-floral-premium-multicolor-en-base-rectangular-diseno-exclusivo\/","title":{"rendered":"Arreglo Floral Premium Multicolor en Base Rectangular \u2013 Dise\u00f1o Exclusivo"},"content":{"rendered":"<p data-start=\"739\" data-end=\"1147\">Nuestro <strong data-start=\"747\" data-end=\"804\">Arreglo Floral Premium Multicolor en Base Rectangular<\/strong> es una creaci\u00f3n exclusiva dise\u00f1ada para transmitir alegr\u00eda, elegancia y emoci\u00f3n en cada detalle. Este espectacular dise\u00f1o combina una selecci\u00f3n de flores frescas de alta calidad: gerberas naranjas, lirios amarillos, rosas rosadas, calas fucsias, flores silvestres y follaje verde, logrando un contraste vibrante lleno de vida y sofisticaci\u00f3n.<\/p>\n<p data-start=\"1149\" data-end=\"1441\">Su composici\u00f3n vertical y balanceada lo convierte en un arreglo imponente y perfecto para decorar espacios o sorprender con un regalo inolvidable. La base rectangular decorativa realza la presentaci\u00f3n y aporta un estilo moderno, ideal para ocasiones donde se busca causar verdadera impresi\u00f3n.<\/p>\n<p data-start=\"1443\" data-end=\"1615\">Este arreglo es perfecto para cumplea\u00f1os, aniversarios, celebraciones especiales, inauguraciones, agradecimientos o simplemente para alegrar el d\u00eda de esa persona especial.<\/p>\n<p data-start=\"1617\" data-end=\"1625\">Incluye:<\/p>\n<ul data-start=\"1627\" data-end=\"1851\">\n<li data-start=\"1627\" data-end=\"1656\">\n<p data-start=\"1629\" data-end=\"1656\">Base rectangular elegante<\/p>\n<\/li>\n<li data-start=\"1657\" data-end=\"1686\">\n<p data-start=\"1659\" data-end=\"1686\">Gerberas naranjas frescas<\/p>\n<\/li>\n<li data-start=\"1687\" data-end=\"1715\">\n<p data-start=\"1689\" data-end=\"1715\">Lirios amarillos premium<\/p>\n<\/li>\n<li data-start=\"1716\" data-end=\"1747\">\n<p data-start=\"1718\" data-end=\"1747\">Rosas rosadas seleccionadas<\/p>\n<\/li>\n<li data-start=\"1748\" data-end=\"1765\">\n<p data-start=\"1750\" data-end=\"1765\">Calas fucsias<\/p>\n<\/li>\n<li data-start=\"1766\" data-end=\"1805\">\n<p data-start=\"1768\" data-end=\"1805\">Flores complementarias de temporada<\/p>\n<\/li>\n<li data-start=\"1806\" data-end=\"1831\">\n<p data-start=\"1808\" data-end=\"1831\">Follaje verde natural<\/p>\n<\/li>\n<li data-start=\"1832\" data-end=\"1851\">\n<p data-start=\"1834\" data-end=\"1851\">Mo\u00f1o decorativo<\/p>\n<\/li>\n<\/ul>\n<p data-start=\"1853\" data-end=\"1992\">Cada arreglo es elaborado a mano por nuestros floristas expertos garantizando flores frescas, acabado impecable y una presentaci\u00f3n de lujo.<\/p>\n<p data-start=\"1994\" data-end=\"2119\">Contamos con <strong data-start=\"2007\" data-end=\"2047\">entrega a domicilio en Villavicencio<\/strong>, cuidando cada detalle para que tu sorpresa llegue perfecta y a tiempo.<\/p>\n","protected":false},"excerpt":{"rendered":"<p>Caja cuadrada con rosas rojas y blancas, frescas y elegantes. Un regalo ideal para expresar amor y gratitud.<\/p>\n<p>&nbsp;<\/p>\n","protected":false},"featured_media":1746,"comment_status":"open","ping_status":"closed","template":"","meta":[],"product_brand":[],"product_cat":[15,32],"product_tag":[46,47,45,49,55,54],"class_list":{"0":"post-1745","1":"product","2":"type-product","3":"status-publish","4":"has-post-thumbnail","6":"product_cat-ocasion","7":"product_cat-categoria-cajas-de-flores","8":"product_tag-amor","9":"product_tag-aniversario","10":"product_tag-cumpleanos","11":"product_tag-perdon","12":"product_tag-diadelamujer","13":"product_tag-paramama","15":"first","16":"instock","17":"shipping-taxable","18":"purchasable","19":"product-type-simple"},"yoast_head":"<!-- This site is optimized with the Yoast SEO plugin v27.0 - https:\/\/yoast.com\/product\/yoast-seo-wordpress\/ -->\n<title>Caja de flores en Base Cuadrada \u2013 Elegancia y Romance<\/title>\n<meta name=\"description\" content=\"Sorprende con este arreglo floral multicolor premium en base rectangular, elaborado con gerberas, lirios, rosas y calas frescas.\" \/>\n<meta name=\"robots\" content=\"index, follow, max-snippet:-1, max-image-preview:large, max-video-preview:-1\" \/>\n<link rel=\"canonical\" href=\"https:\/\/beautifulflowers.com.co\/index.php\/product\/arreglo-floral-premium-multicolor-en-base-rectangular-diseno-exclusivo\/\" \/>\n<meta property=\"og:locale\" content=\"es_ES\" \/>\n<meta property=\"og:type\" content=\"article\" \/>\n<meta property=\"og:title\" content=\"Caja de flores en Base Cuadrada \u2013 Elegancia y Romance\" \/>\n<meta property=\"og:description\" content=\"Sorprende con este arreglo floral multicolor premium en base rectangular, elaborado con gerberas, lirios, rosas y calas frescas.\" \/>\n<meta property=\"og:url\" content=\"https:\/\/beautifulflowers.com.co\/index.php\/product\/arreglo-floral-premium-multicolor-en-base-rectangular-diseno-exclusivo\/\" \/>\n<meta property=\"article:modified_time\" content=\"2026-02-04T16:57:02+00:00\" \/>\n<meta property=\"og:image\" content=\"https:\/\/beautifulflowers.com.co\/wp-content\/uploads\/2025\/12\/PAGINA-PRODUC-4.png\" \/>\n\t<meta property=\"og:image:width\" content=\"1080\" \/>\n\t<meta property=\"og:image:height\" content=\"1080\" \/>\n\t<meta property=\"og:image:type\" content=\"image\/png\" \/>\n<meta name=\"twitter:card\" content=\"summary_large_image\" \/>\n<meta name=\"twitter:label1\" content=\"Tiempo de lectura\" \/>\n\t<meta name=\"twitter:data1\" content=\"2 minutos\" \/>\n<script type=\"application\/ld+json\" class=\"yoast-schema-graph\">{\"@context\":\"https:\/\/schema.org\",\"@graph\":[{\"@type\":\"WebPage\",\"@id\":\"https:\/\/beautifulflowers.com.co\/index.php\/product\/arreglo-floral-premium-multicolor-en-base-rectangular-diseno-exclusivo\/\",\"url\":\"https:\/\/beautifulflowers.com.co\/index.php\/product\/arreglo-floral-premium-multicolor-en-base-rectangular-diseno-exclusivo\/\",\"name\":\"Caja de flores en Base Cuadrada \u2013 Elegancia y Romance\",\"isPartOf\":{\"@id\":\"https:\/\/beautifulflowers.com.co\/#website\"},\"primaryImageOfPage\":{\"@id\":\"https:\/\/beautifulflowers.com.co\/index.php\/product\/arreglo-floral-premium-multicolor-en-base-rectangular-diseno-exclusivo\/#primaryimage\"},\"image\":{\"@id\":\"https:\/\/beautifulflowers.com.co\/index.php\/product\/arreglo-floral-premium-multicolor-en-base-rectangular-diseno-exclusivo\/#primaryimage\"},\"thumbnailUrl\":\"https:\/\/beautifulflowers.com.co\/wp-content\/uploads\/2025\/12\/PAGINA-PRODUC-4.png\",\"datePublished\":\"2025-12-10T22:39:30+00:00\",\"dateModified\":\"2026-02-04T16:57:02+00:00\",\"description\":\"Sorprende con este arreglo floral multicolor premium en base rectangular, elaborado con gerberas, lirios, rosas y calas frescas.\",\"breadcrumb\":{\"@id\":\"https:\/\/beautifulflowers.com.co\/index.php\/product\/arreglo-floral-premium-multicolor-en-base-rectangular-diseno-exclusivo\/#breadcrumb\"},\"inLanguage\":\"es-CO\",\"potentialAction\":[{\"@type\":\"ReadAction\",\"target\":[\"https:\/\/beautifulflowers.com.co\/index.php\/product\/arreglo-floral-premium-multicolor-en-base-rectangular-diseno-exclusivo\/\"]}]},{\"@type\":\"ImageObject\",\"inLanguage\":\"es-CO\",\"@id\":\"https:\/\/beautifulflowers.com.co\/index.php\/product\/arreglo-floral-premium-multicolor-en-base-rectangular-diseno-exclusivo\/#primaryimage\",\"url\":\"https:\/\/beautifulflowers.com.co\/wp-content\/uploads\/2025\/12\/PAGINA-PRODUC-4.png\",\"contentUrl\":\"https:\/\/beautifulflowers.com.co\/wp-content\/uploads\/2025\/12\/PAGINA-PRODUC-4.png\",\"width\":1080,\"height\":1080},{\"@type\":\"BreadcrumbList\",\"@id\":\"https:\/\/beautifulflowers.com.co\/index.php\/product\/arreglo-floral-premium-multicolor-en-base-rectangular-diseno-exclusivo\/#breadcrumb\",\"itemListElement\":[{\"@type\":\"ListItem\",\"position\":1,\"name\":\"Inicio\",\"item\":\"https:\/\/beautifulflowers.com.co\/\"},{\"@type\":\"ListItem\",\"position\":2,\"name\":\"Tienda\",\"item\":\"https:\/\/beautifulflowers.com.co\/index.php\/catalogo-de-todos-nuestros-productos\/\"},{\"@type\":\"ListItem\",\"position\":3,\"name\":\"Arreglo Floral Premium Multicolor en Base Rectangular \u2013 Dise\u00f1o Exclusivo\"}]},{\"@type\":\"WebSite\",\"@id\":\"https:\/\/beautifulflowers.com.co\/#website\",\"url\":\"https:\/\/beautifulflowers.com.co\/\",\"name\":\"\",\"description\":\"Floristeria Beautiful Flowers\",\"potentialAction\":[{\"@type\":\"SearchAction\",\"target\":{\"@type\":\"EntryPoint\",\"urlTemplate\":\"https:\/\/beautifulflowers.com.co\/?s={search_term_string}\"},\"query-input\":{\"@type\":\"PropertyValueSpecification\",\"valueRequired\":true,\"valueName\":\"search_term_string\"}}],\"inLanguage\":\"es-CO\"}]}<\/script>\n<!-- \/ Yoast SEO plugin. -->","yoast_head_json":{"title":"Caja de flores en Base Cuadrada \u2013 Elegancia y Romance","description":"Sorprende con este arreglo floral multicolor premium en base rectangular, elaborado con gerberas, lirios, rosas y calas frescas.","robots":{"index":"index","follow":"follow","max-snippet":"max-snippet:-1","max-image-preview":"max-image-preview:large","max-video-preview":"max-video-preview:-1"},"canonical":"https:\/\/beautifulflowers.com.co\/index.php\/product\/arreglo-floral-premium-multicolor-en-base-rectangular-diseno-exclusivo\/","og_locale":"es_ES","og_type":"article","og_title":"Caja de flores en Base Cuadrada \u2013 Elegancia y Romance","og_description":"Sorprende con este arreglo floral multicolor premium en base rectangular, elaborado con gerberas, lirios, rosas y calas frescas.","og_url":"https:\/\/beautifulflowers.com.co\/index.php\/product\/arreglo-floral-premium-multicolor-en-base-rectangular-diseno-exclusivo\/","article_modified_time":"2026-02-04T16:57:02+00:00","og_image":[{"width":1080,"height":1080,"url":"https:\/\/beautifulflowers.com.co\/wp-content\/uploads\/2025\/12\/PAGINA-PRODUC-4.png","type":"image\/png"}],"twitter_card":"summary_large_image","twitter_misc":{"Tiempo de lectura":"2 minutos"},"schema":{"@context":"https:\/\/schema.org","@graph":[{"@type":"WebPage","@id":"https:\/\/beautifulflowers.com.co\/index.php\/product\/arreglo-floral-premium-multicolor-en-base-rectangular-diseno-exclusivo\/","url":"https:\/\/beautifulflowers.com.co\/index.php\/product\/arreglo-floral-premium-multicolor-en-base-rectangular-diseno-exclusivo\/","name":"Caja de flores en Base Cuadrada \u2013 Elegancia y Romance","isPartOf":{"@id":"https:\/\/beautifulflowers.com.co\/#website"},"primaryImageOfPage":{"@id":"https:\/\/beautifulflowers.com.co\/index.php\/product\/arreglo-floral-premium-multicolor-en-base-rectangular-diseno-exclusivo\/#primaryimage"},"image":{"@id":"https:\/\/beautifulflowers.com.co\/index.php\/product\/arreglo-floral-premium-multicolor-en-base-rectangular-diseno-exclusivo\/#primaryimage"},"thumbnailUrl":"https:\/\/beautifulflowers.com.co\/wp-content\/uploads\/2025\/12\/PAGINA-PRODUC-4.png","datePublished":"2025-12-10T22:39:30+00:00","dateModified":"2026-02-04T16:57:02+00:00","description":"Sorprende con este arreglo floral multicolor premium en base rectangular, elaborado con gerberas, lirios, rosas y calas frescas.","breadcrumb":{"@id":"https:\/\/beautifulflowers.com.co\/index.php\/product\/arreglo-floral-premium-multicolor-en-base-rectangular-diseno-exclusivo\/#breadcrumb"},"inLanguage":"es-CO","potentialAction":[{"@type":"ReadAction","target":["https:\/\/beautifulflowers.com.co\/index.php\/product\/arreglo-floral-premium-multicolor-en-base-rectangular-diseno-exclusivo\/"]}]},{"@type":"ImageObject","inLanguage":"es-CO","@id":"https:\/\/beautifulflowers.com.co\/index.php\/product\/arreglo-floral-premium-multicolor-en-base-rectangular-diseno-exclusivo\/#primaryimage","url":"https:\/\/beautifulflowers.com.co\/wp-content\/uploads\/2025\/12\/PAGINA-PRODUC-4.png","contentUrl":"https:\/\/beautifulflowers.com.co\/wp-content\/uploads\/2025\/12\/PAGINA-PRODUC-4.png","width":1080,"height":1080},{"@type":"BreadcrumbList","@id":"https:\/\/beautifulflowers.com.co\/index.php\/product\/arreglo-floral-premium-multicolor-en-base-rectangular-diseno-exclusivo\/#breadcrumb","itemListElement":[{"@type":"ListItem","position":1,"name":"Inicio","item":"https:\/\/beautifulflowers.com.co\/"},{"@type":"ListItem","position":2,"name":"Tienda","item":"https:\/\/beautifulflowers.com.co\/index.php\/catalogo-de-todos-nuestros-productos\/"},{"@type":"ListItem","position":3,"name":"Arreglo Floral Premium Multicolor en Base Rectangular \u2013 Dise\u00f1o Exclusivo"}]},{"@type":"WebSite","@id":"https:\/\/beautifulflowers.com.co\/#website","url":"https:\/\/beautifulflowers.com.co\/","name":"","description":"Floristeria Beautiful Flowers","potentialAction":[{"@type":"SearchAction","target":{"@type":"EntryPoint","urlTemplate":"https:\/\/beautifulflowers.com.co\/?s={search_term_string}"},"query-input":{"@type":"PropertyValueSpecification","valueRequired":true,"valueName":"search_term_string"}}],"inLanguage":"es-CO"}]}},"_links":{"self":[{"href":"https:\/\/beautifulflowers.com.co\/index.php\/wp-json\/wp\/v2\/product\/1745","targetHints":{"allow":["GET"]}}],"collection":[{"href":"https:\/\/beautifulflowers.com.co\/index.php\/wp-json\/wp\/v2\/product"}],"about":[{"href":"https:\/\/beautifulflowers.com.co\/index.php\/wp-json\/wp\/v2\/types\/product"}],"replies":[{"embeddable":true,"href":"https:\/\/beautifulflowers.com.co\/index.php\/wp-json\/wp\/v2\/comments?post=1745"}],"wp:featuredmedia":[{"embeddable":true,"href":"https:\/\/beautifulflowers.com.co\/index.php\/wp-json\/wp\/v2\/media\/1746"}],"wp:attachment":[{"href":"https:\/\/beautifulflowers.com.co\/index.php\/wp-json\/wp\/v2\/media?parent=1745"}],"wp:term":[{"taxonomy":"product_brand","embeddable":true,"href":"https:\/\/beautifulflowers.com.co\/index.php\/wp-json\/wp\/v2\/product_brand?post=1745"},{"taxonomy":"product_cat","embeddable":true,"href":"https:\/\/beautifulflowers.com.co\/index.php\/wp-json\/wp\/v2\/product_cat?post=1745"},{"taxonomy":"product_tag","embeddable":true,"href":"https:\/\/beautifulflowers.com.co\/index.php\/wp-json\/wp\/v2\/product_tag?post=1745"}],"curies":[{"name":"wp","href":"https:\/\/api.w.org\/{rel}","templated":true}]}}