{"id":785,"date":"2024-07-11T18:32:12","date_gmt":"2024-07-11T18:32:12","guid":{"rendered":"https:\/\/beautifulflowers.com.co\/?post_type=product&#038;p=785"},"modified":"2026-02-04T16:58:53","modified_gmt":"2026-02-04T16:58:53","slug":"baul-de-rosas-y-chocolates","status":"publish","type":"product","link":"https:\/\/beautifulflowers.com.co\/index.php\/product\/baul-de-rosas-y-chocolates\/","title":{"rendered":"Baul de rosas y chocolates"},"content":{"rendered":"<p>Caja de rosas, ba\u00fal y cofre con chocolates, hermosa base.<\/p>\n","protected":false},"excerpt":{"rendered":"<p>Caja de rosas, ba\u00fal y cofre con chocolates, hermosa base.<\/p>\n","protected":false},"featured_media":786,"comment_status":"open","ping_status":"closed","template":"","meta":[],"product_brand":[],"product_cat":[32],"product_tag":[46,47,45,49,55,54],"class_list":{"0":"post-785","1":"product","2":"type-product","3":"status-publish","4":"has-post-thumbnail","6":"product_cat-categoria-cajas-de-flores","7":"product_tag-amor","8":"product_tag-aniversario","9":"product_tag-cumpleanos","10":"product_tag-perdon","11":"product_tag-diadelamujer","12":"product_tag-paramama","14":"first","15":"instock","16":"shipping-taxable","17":"purchasable","18":"product-type-simple"},"yoast_head":"<!-- This site is optimized with the Yoast SEO plugin v27.0 - https:\/\/yoast.com\/product\/yoast-seo-wordpress\/ -->\n<title>cofre|baul|rosas|chosolates<\/title>\n<meta name=\"description\" content=\"Caja de rosas, ba\u00fal y cofre con chocolates, hermosa base. Este dise\u00f1o es \u00fanico y hermoso para cualquier ocasi\u00f3n enamora y sorprende.\" \/>\n<meta name=\"robots\" content=\"index, follow, max-snippet:-1, max-image-preview:large, max-video-preview:-1\" \/>\n<link rel=\"canonical\" href=\"https:\/\/beautifulflowers.com.co\/index.php\/product\/baul-de-rosas-y-chocolates\/\" \/>\n<meta property=\"og:locale\" content=\"es_ES\" \/>\n<meta property=\"og:type\" content=\"article\" \/>\n<meta property=\"og:title\" content=\"cofre|baul|rosas|chosolates\" \/>\n<meta property=\"og:description\" content=\"Caja de rosas, ba\u00fal y cofre con chocolates, hermosa base. Este dise\u00f1o es \u00fanico y hermoso para cualquier ocasi\u00f3n enamora y sorprende.\" \/>\n<meta property=\"og:url\" content=\"https:\/\/beautifulflowers.com.co\/index.php\/product\/baul-de-rosas-y-chocolates\/\" \/>\n<meta property=\"article:modified_time\" content=\"2026-02-04T16:58:53+00:00\" \/>\n<meta property=\"og:image\" content=\"https:\/\/beautifulflowers.com.co\/wp-content\/uploads\/2024\/07\/PAGINA-PRODUC-2.jpg\" \/>\n\t<meta property=\"og:image:width\" content=\"1080\" \/>\n\t<meta property=\"og:image:height\" content=\"1080\" \/>\n\t<meta property=\"og:image:type\" content=\"image\/jpeg\" \/>\n<meta name=\"twitter:card\" content=\"summary_large_image\" \/>\n<meta name=\"twitter:label1\" content=\"Tiempo de lectura\" \/>\n\t<meta name=\"twitter:data1\" content=\"1 minuto\" \/>\n<script type=\"application\/ld+json\" class=\"yoast-schema-graph\">{\"@context\":\"https:\/\/schema.org\",\"@graph\":[{\"@type\":\"WebPage\",\"@id\":\"https:\/\/beautifulflowers.com.co\/index.php\/product\/baul-de-rosas-y-chocolates\/\",\"url\":\"https:\/\/beautifulflowers.com.co\/index.php\/product\/baul-de-rosas-y-chocolates\/\",\"name\":\"cofre|baul|rosas|chosolates\",\"isPartOf\":{\"@id\":\"https:\/\/beautifulflowers.com.co\/#website\"},\"primaryImageOfPage\":{\"@id\":\"https:\/\/beautifulflowers.com.co\/index.php\/product\/baul-de-rosas-y-chocolates\/#primaryimage\"},\"image\":{\"@id\":\"https:\/\/beautifulflowers.com.co\/index.php\/product\/baul-de-rosas-y-chocolates\/#primaryimage\"},\"thumbnailUrl\":\"https:\/\/beautifulflowers.com.co\/wp-content\/uploads\/2024\/07\/PAGINA-PRODUC-2.jpg\",\"datePublished\":\"2024-07-11T18:32:12+00:00\",\"dateModified\":\"2026-02-04T16:58:53+00:00\",\"description\":\"Caja de rosas, ba\u00fal y cofre con chocolates, hermosa base. Este dise\u00f1o es \u00fanico y hermoso para cualquier ocasi\u00f3n enamora y sorprende.\",\"breadcrumb\":{\"@id\":\"https:\/\/beautifulflowers.com.co\/index.php\/product\/baul-de-rosas-y-chocolates\/#breadcrumb\"},\"inLanguage\":\"es-CO\",\"potentialAction\":[{\"@type\":\"ReadAction\",\"target\":[\"https:\/\/beautifulflowers.com.co\/index.php\/product\/baul-de-rosas-y-chocolates\/\"]}]},{\"@type\":\"ImageObject\",\"inLanguage\":\"es-CO\",\"@id\":\"https:\/\/beautifulflowers.com.co\/index.php\/product\/baul-de-rosas-y-chocolates\/#primaryimage\",\"url\":\"https:\/\/beautifulflowers.com.co\/wp-content\/uploads\/2024\/07\/PAGINA-PRODUC-2.jpg\",\"contentUrl\":\"https:\/\/beautifulflowers.com.co\/wp-content\/uploads\/2024\/07\/PAGINA-PRODUC-2.jpg\",\"width\":1080,\"height\":1080},{\"@type\":\"BreadcrumbList\",\"@id\":\"https:\/\/beautifulflowers.com.co\/index.php\/product\/baul-de-rosas-y-chocolates\/#breadcrumb\",\"itemListElement\":[{\"@type\":\"ListItem\",\"position\":1,\"name\":\"Inicio\",\"item\":\"https:\/\/beautifulflowers.com.co\/\"},{\"@type\":\"ListItem\",\"position\":2,\"name\":\"Tienda\",\"item\":\"https:\/\/beautifulflowers.com.co\/index.php\/catalogo-de-todos-nuestros-productos\/\"},{\"@type\":\"ListItem\",\"position\":3,\"name\":\"Baul de rosas y chocolates\"}]},{\"@type\":\"WebSite\",\"@id\":\"https:\/\/beautifulflowers.com.co\/#website\",\"url\":\"https:\/\/beautifulflowers.com.co\/\",\"name\":\"\",\"description\":\"Floristeria Beautiful Flowers\",\"potentialAction\":[{\"@type\":\"SearchAction\",\"target\":{\"@type\":\"EntryPoint\",\"urlTemplate\":\"https:\/\/beautifulflowers.com.co\/?s={search_term_string}\"},\"query-input\":{\"@type\":\"PropertyValueSpecification\",\"valueRequired\":true,\"valueName\":\"search_term_string\"}}],\"inLanguage\":\"es-CO\"}]}<\/script>\n<!-- \/ Yoast SEO plugin. -->","yoast_head_json":{"title":"cofre|baul|rosas|chosolates","description":"Caja de rosas, ba\u00fal y cofre con chocolates, hermosa base. Este dise\u00f1o es \u00fanico y hermoso para cualquier ocasi\u00f3n enamora y sorprende.","robots":{"index":"index","follow":"follow","max-snippet":"max-snippet:-1","max-image-preview":"max-image-preview:large","max-video-preview":"max-video-preview:-1"},"canonical":"https:\/\/beautifulflowers.com.co\/index.php\/product\/baul-de-rosas-y-chocolates\/","og_locale":"es_ES","og_type":"article","og_title":"cofre|baul|rosas|chosolates","og_description":"Caja de rosas, ba\u00fal y cofre con chocolates, hermosa base. Este dise\u00f1o es \u00fanico y hermoso para cualquier ocasi\u00f3n enamora y sorprende.","og_url":"https:\/\/beautifulflowers.com.co\/index.php\/product\/baul-de-rosas-y-chocolates\/","article_modified_time":"2026-02-04T16:58:53+00:00","og_image":[{"width":1080,"height":1080,"url":"https:\/\/beautifulflowers.com.co\/wp-content\/uploads\/2024\/07\/PAGINA-PRODUC-2.jpg","type":"image\/jpeg"}],"twitter_card":"summary_large_image","twitter_misc":{"Tiempo de lectura":"1 minuto"},"schema":{"@context":"https:\/\/schema.org","@graph":[{"@type":"WebPage","@id":"https:\/\/beautifulflowers.com.co\/index.php\/product\/baul-de-rosas-y-chocolates\/","url":"https:\/\/beautifulflowers.com.co\/index.php\/product\/baul-de-rosas-y-chocolates\/","name":"cofre|baul|rosas|chosolates","isPartOf":{"@id":"https:\/\/beautifulflowers.com.co\/#website"},"primaryImageOfPage":{"@id":"https:\/\/beautifulflowers.com.co\/index.php\/product\/baul-de-rosas-y-chocolates\/#primaryimage"},"image":{"@id":"https:\/\/beautifulflowers.com.co\/index.php\/product\/baul-de-rosas-y-chocolates\/#primaryimage"},"thumbnailUrl":"https:\/\/beautifulflowers.com.co\/wp-content\/uploads\/2024\/07\/PAGINA-PRODUC-2.jpg","datePublished":"2024-07-11T18:32:12+00:00","dateModified":"2026-02-04T16:58:53+00:00","description":"Caja de rosas, ba\u00fal y cofre con chocolates, hermosa base. Este dise\u00f1o es \u00fanico y hermoso para cualquier ocasi\u00f3n enamora y sorprende.","breadcrumb":{"@id":"https:\/\/beautifulflowers.com.co\/index.php\/product\/baul-de-rosas-y-chocolates\/#breadcrumb"},"inLanguage":"es-CO","potentialAction":[{"@type":"ReadAction","target":["https:\/\/beautifulflowers.com.co\/index.php\/product\/baul-de-rosas-y-chocolates\/"]}]},{"@type":"ImageObject","inLanguage":"es-CO","@id":"https:\/\/beautifulflowers.com.co\/index.php\/product\/baul-de-rosas-y-chocolates\/#primaryimage","url":"https:\/\/beautifulflowers.com.co\/wp-content\/uploads\/2024\/07\/PAGINA-PRODUC-2.jpg","contentUrl":"https:\/\/beautifulflowers.com.co\/wp-content\/uploads\/2024\/07\/PAGINA-PRODUC-2.jpg","width":1080,"height":1080},{"@type":"BreadcrumbList","@id":"https:\/\/beautifulflowers.com.co\/index.php\/product\/baul-de-rosas-y-chocolates\/#breadcrumb","itemListElement":[{"@type":"ListItem","position":1,"name":"Inicio","item":"https:\/\/beautifulflowers.com.co\/"},{"@type":"ListItem","position":2,"name":"Tienda","item":"https:\/\/beautifulflowers.com.co\/index.php\/catalogo-de-todos-nuestros-productos\/"},{"@type":"ListItem","position":3,"name":"Baul de rosas y chocolates"}]},{"@type":"WebSite","@id":"https:\/\/beautifulflowers.com.co\/#website","url":"https:\/\/beautifulflowers.com.co\/","name":"","description":"Floristeria Beautiful Flowers","potentialAction":[{"@type":"SearchAction","target":{"@type":"EntryPoint","urlTemplate":"https:\/\/beautifulflowers.com.co\/?s={search_term_string}"},"query-input":{"@type":"PropertyValueSpecification","valueRequired":true,"valueName":"search_term_string"}}],"inLanguage":"es-CO"}]}},"_links":{"self":[{"href":"https:\/\/beautifulflowers.com.co\/index.php\/wp-json\/wp\/v2\/product\/785","targetHints":{"allow":["GET"]}}],"collection":[{"href":"https:\/\/beautifulflowers.com.co\/index.php\/wp-json\/wp\/v2\/product"}],"about":[{"href":"https:\/\/beautifulflowers.com.co\/index.php\/wp-json\/wp\/v2\/types\/product"}],"replies":[{"embeddable":true,"href":"https:\/\/beautifulflowers.com.co\/index.php\/wp-json\/wp\/v2\/comments?post=785"}],"wp:featuredmedia":[{"embeddable":true,"href":"https:\/\/beautifulflowers.com.co\/index.php\/wp-json\/wp\/v2\/media\/786"}],"wp:attachment":[{"href":"https:\/\/beautifulflowers.com.co\/index.php\/wp-json\/wp\/v2\/media?parent=785"}],"wp:term":[{"taxonomy":"product_brand","embeddable":true,"href":"https:\/\/beautifulflowers.com.co\/index.php\/wp-json\/wp\/v2\/product_brand?post=785"},{"taxonomy":"product_cat","embeddable":true,"href":"https:\/\/beautifulflowers.com.co\/index.php\/wp-json\/wp\/v2\/product_cat?post=785"},{"taxonomy":"product_tag","embeddable":true,"href":"https:\/\/beautifulflowers.com.co\/index.php\/wp-json\/wp\/v2\/product_tag?post=785"}],"curies":[{"name":"wp","href":"https:\/\/api.w.org\/{rel}","templated":true}]}}